{"id":3528,"date":"2022-05-04T10:15:28","date_gmt":"2022-05-04T10:15:28","guid":{"rendered":"http:\/\/sw-themes.com\/porto_dummy\/?page_id=3528"},"modified":"2024-09-21T11:47:15","modified_gmt":"2024-09-21T11:47:15","slug":"ahir-ciftlik-ve-trapez-sac-izolasyonu","status":"publish","type":"page","link":"https:\/\/www.izoisipol.com\/index.php\/ahir-ciftlik-ve-trapez-sac-izolasyonu\/","title":{"rendered":"AHIR \u00c7\u0130FTL\u0130K VE TRAPEZ SAC \u0130ZOLASYONU"},"content":{"rendered":"\t\t<div data-elementor-type=\"wp-page\" data-elementor-id=\"3528\" class=\"elementor elementor-3528\" data-elementor-post-type=\"page\">\n\t\t\t\t<div class=\"elementor-element elementor-element-6e159fc5 e-con-full e-flex e-con e-parent\" data-id=\"6e159fc5\" data-element_type=\"container\" data-settings=\"{&quot;background_background&quot;:&quot;classic&quot;}\">\r\n\t\t<div class=\"elementor-element elementor-element-7a7185e0 e-con-full e-flex e-con e-child\" data-id=\"7a7185e0\" data-element_type=\"container\">\r\n\t\t\t\t<div class=\"elementor-element elementor-element-68621f8b elementor-widget elementor-widget-heading\" data-id=\"68621f8b\" data-element_type=\"widget\" data-widget_type=\"heading.default\">\n\t\t\t\t<div class=\"elementor-widget-container\">\n\t\t\t<h1 class=\"elementor-heading-title elementor-size-default\">AHIR \u00c7\u0130FTL\u0130K VE TRAPEZ SAC \u0130ZOLASYONU<\/h1>\t\t<\/div>\n\t\t\t\t<\/div>\n\t\t\t\t<\/div>\n\t\t\t\t<\/div>\n\t\t<div class=\"elementor-element elementor-element-7ea1b70 e-con-full e-flex e-con e-parent\" data-id=\"7ea1b70\" data-element_type=\"container\" data-settings=\"{&quot;background_background&quot;:&quot;classic&quot;}\">\r\n\t\t<div class=\"elementor-element elementor-element-11308020 e-con-full e-flex e-con e-child\" data-id=\"11308020\" data-element_type=\"container\">\r\n\t\t\t\t<div class=\"elementor-element elementor-element-68c23f54 elementor-widget elementor-widget-text-editor\" data-id=\"68c23f54\" data-element_type=\"widget\" data-widget_type=\"text-editor.default\">\n\t\t\t\t<div class=\"elementor-widget-container\">\n\t\t\t\t\t\t\t<p style=\"text-align: left;\"><span style=\"font-size: 22px;\">Ah\u0131r \u00e7iftlik ve trapez sac izolasyonu, hayvanc\u0131l\u0131kla u\u011fra\u015fan i\u015fletmeler i\u00e7in b\u00fcy\u00fck \u00f6nem ta\u015f\u0131r. \u0130yi bir izolasyon, hayvanlar\u0131n ya\u015fam ko\u015fullar\u0131n\u0131 iyile\u015ftirir, enerji tasarrufu sa\u011flar ve i\u015fletme maliyetlerini d\u00fc\u015f\u00fcr\u00fcr. \u0130zo\u0131s\u0131pol olarak, yerli \u00fcretim y\u00fcksek kaliteli poli\u00fcretan malzemelerimizle ah\u0131r, \u00e7iftlik ve trapez sac y\u00fczeylerde m\u00fckemmel izolasyon \u00e7\u00f6z\u00fcmleri sunuyoruz. Poli\u00fcretan k\u00f6p\u00fck ile yap\u0131lan izolasyon, \u0131s\u0131 kayb\u0131n\u0131 minimize ederken, ses yal\u0131t\u0131m\u0131 ve yang\u0131n korumas\u0131 da sa\u011flar. Uzman ekibimiz, her alanda titizlikle \u00e7al\u0131\u015farak, en uygun izolasyon y\u00f6ntemini uygular ve h\u0131zl\u0131 sonu\u00e7lar elde eder. Sa\u011fl\u0131kl\u0131 ve dayan\u0131kl\u0131 izolasyon \u00e7\u00f6z\u00fcmleriyle, \u00e7iftli\u011finizin verimlili\u011fini art\u0131rman\u0131za yard\u0131mc\u0131 oluyoruz.<\/span><\/p>\t\t\t\t\t\t<\/div>\n\t\t\t\t<\/div>\n\t\t\t\t<\/div>\n\t\t<div class=\"elementor-element elementor-element-3f0c2eb4 e-con-full e-flex e-con e-child\" data-id=\"3f0c2eb4\" data-element_type=\"container\">\r\n\t\t\t\t<div class=\"elementor-element elementor-element-7b2cb8e1 elementor-widget elementor-widget-image\" data-id=\"7b2cb8e1\" data-element_type=\"widget\" data-widget_type=\"image.default\">\n\t\t\t\t<div class=\"elementor-widget-container\">\n\t\t\t\t\t\t\t\t\t\t\t\t\t<img fetchpriority=\"high\" decoding=\"async\" width=\"1024\" height=\"1024\" src=\"https:\/\/www.izoisipol.com\/wp-content\/uploads\/2024\/08\/1.png\" class=\"attachment-large size-large wp-image-4431\" alt=\"\" srcset=\"https:\/\/www.izoisipol.com\/wp-content\/uploads\/2024\/08\/1.png 1024w, https:\/\/www.izoisipol.com\/wp-content\/uploads\/2024\/08\/1-768x768.png 768w, https:\/\/www.izoisipol.com\/wp-content\/uploads\/2024\/08\/1-640x640.png 640w, https:\/\/www.izoisipol.com\/wp-content\/uploads\/2024\/08\/1-400x400.png 400w, https:\/\/www.izoisipol.com\/wp-content\/uploads\/2024\/08\/1-560x560.png 560w, https:\/\/www.izoisipol.com\/wp-content\/uploads\/2024\/08\/1-367x367.png 367w\" sizes=\"(max-width: 1024px) 100vw, 1024px\" \/>\t\t\t\t\t\t\t\t\t\t\t\t\t<\/div>\n\t\t\t\t<\/div>\n\t\t\t\t<\/div>\n\t\t\t\t<\/div>\n\t\t<div class=\"elementor-element elementor-element-2a7140db e-con-full e-flex e-con e-parent\" data-id=\"2a7140db\" data-element_type=\"container\" data-settings=\"{&quot;background_background&quot;:&quot;classic&quot;}\">\r\n\t\t<div class=\"elementor-element elementor-element-7509bd19 e-con-full e-flex e-con e-child\" data-id=\"7509bd19\" data-element_type=\"container\">\r\n\t\t\t\t<div class=\"elementor-element elementor-element-1eae6165 elementor-widget elementor-widget-text-editor\" data-id=\"1eae6165\" data-element_type=\"widget\" data-widget_type=\"text-editor.default\">\n\t\t\t\t<div class=\"elementor-widget-container\">\n\t\t\t\t\t\t\t<p><span style=\"font-size: 22px;\">Trapez sac izolasyonu, \u00f6zellikle ah\u0131r ve \u00e7iftliklerde yap\u0131sal dayan\u0131kl\u0131l\u0131\u011f\u0131 art\u0131rmak ve d\u0131\u015f etkenlerden kaynaklanabilecek sorunlar\u0131 en aza indirmek i\u00e7in kritiktir. Poli\u00fcretan kaplama, sac\u0131n \u00f6mr\u00fcn\u00fc uzat\u0131r ve yap\u0131n\u0131n genel enerji verimlili\u011fini y\u00fckseltir. Ayr\u0131ca, poli\u00fcretan k\u00f6p\u00fck izolasyonu, k\u0131\u015f\u0131n so\u011fuk hava giri\u015fini engelleyerek, yaz\u0131n ise a\u015f\u0131r\u0131 \u0131s\u0131nmay\u0131 \u00f6nleyerek ideal bir i\u00e7 ortam sa\u011flar. Bu sayede, hayvanlar\u0131n\u0131z\u0131n sa\u011fl\u0131\u011f\u0131 korunur, verimlilik artar ve i\u015fletmenizin uzun vadeli ba\u015far\u0131s\u0131 desteklenir.<\/span><\/p>\t\t\t\t\t\t<\/div>\n\t\t\t\t<\/div>\n\t\t\t\t<\/div>\n\t\t<div class=\"elementor-element elementor-element-1819c258 e-con-full e-flex e-con e-child\" data-id=\"1819c258\" data-element_type=\"container\">\r\n\t\t\t\t<div class=\"elementor-element elementor-element-737c840d elementor-widget elementor-widget-image\" data-id=\"737c840d\" data-element_type=\"widget\" data-widget_type=\"image.default\">\n\t\t\t\t<div class=\"elementor-widget-container\">\n\t\t\t\t\t\t\t\t\t\t\t\t\t<img decoding=\"async\" width=\"1024\" height=\"1024\" src=\"https:\/\/www.izoisipol.com\/wp-content\/uploads\/2024\/08\/2.png\" class=\"attachment-large size-large wp-image-4432\" alt=\"\" srcset=\"https:\/\/www.izoisipol.com\/wp-content\/uploads\/2024\/08\/2.png 1024w, https:\/\/www.izoisipol.com\/wp-content\/uploads\/2024\/08\/2-768x768.png 768w, https:\/\/www.izoisipol.com\/wp-content\/uploads\/2024\/08\/2-640x640.png 640w, https:\/\/www.izoisipol.com\/wp-content\/uploads\/2024\/08\/2-400x400.png 400w, https:\/\/www.izoisipol.com\/wp-content\/uploads\/2024\/08\/2-560x560.png 560w, https:\/\/www.izoisipol.com\/wp-content\/uploads\/2024\/08\/2-367x367.png 367w\" sizes=\"(max-width: 1024px) 100vw, 1024px\" \/>\t\t\t\t\t\t\t\t\t\t\t\t\t<\/div>\n\t\t\t\t<\/div>\n\t\t\t\t<\/div>\n\t\t\t\t<\/div>\n\t\t\t\t<\/div>\n\t\t","protected":false},"excerpt":{"rendered":"<p>AHIR \u00c7\u0130FTL\u0130K VE TRAPEZ SAC \u0130ZOLASYONU Ah\u0131r \u00e7iftlik ve trapez sac izolasyonu, hayvanc\u0131l\u0131kla u\u011fra\u015fan i\u015fletmeler i\u00e7in b\u00fcy\u00fck \u00f6nem ta\u015f\u0131r. \u0130yi bir izolasyon, hayvanlar\u0131n ya\u015fam ko\u015fullar\u0131n\u0131 iyile\u015ftirir, enerji tasarrufu sa\u011flar ve i\u015fletme maliyetlerini d\u00fc\u015f\u00fcr\u00fcr. \u0130zo\u0131s\u0131pol olarak, yerli \u00fcretim y\u00fcksek kaliteli poli\u00fcretan malzemelerimizle ah\u0131r, \u00e7iftlik ve trapez sac y\u00fczeylerde m\u00fckemmel izolasyon \u00e7\u00f6z\u00fcmleri sunuyoruz. Poli\u00fcretan k\u00f6p\u00fck ile yap\u0131lan [&hellip;]<\/p>\n","protected":false},"author":1,"featured_media":0,"parent":0,"menu_order":0,"comment_status":"closed","ping_status":"closed","template":"","meta":{"_monsterinsights_skip_tracking":false,"_monsterinsights_sitenote_active":false,"_monsterinsights_sitenote_note":"","_monsterinsights_sitenote_category":0,"footnotes":""},"class_list":["post-3528","page","type-page","status-publish","hentry"],"_links":{"self":[{"href":"https:\/\/www.izoisipol.com\/index.php\/wp-json\/wp\/v2\/pages\/3528","targetHints":{"allow":["GET"]}}],"collection":[{"href":"https:\/\/www.izoisipol.com\/index.php\/wp-json\/wp\/v2\/pages"}],"about":[{"href":"https:\/\/www.izoisipol.com\/index.php\/wp-json\/wp\/v2\/types\/page"}],"author":[{"embeddable":true,"href":"https:\/\/www.izoisipol.com\/index.php\/wp-json\/wp\/v2\/users\/1"}],"replies":[{"embeddable":true,"href":"https:\/\/www.izoisipol.com\/index.php\/wp-json\/wp\/v2\/comments?post=3528"}],"version-history":[{"count":21,"href":"https:\/\/www.izoisipol.com\/index.php\/wp-json\/wp\/v2\/pages\/3528\/revisions"}],"predecessor-version":[{"id":4738,"href":"https:\/\/www.izoisipol.com\/index.php\/wp-json\/wp\/v2\/pages\/3528\/revisions\/4738"}],"wp:attachment":[{"href":"https:\/\/www.izoisipol.com\/index.php\/wp-json\/wp\/v2\/media?parent=3528"}],"curies":[{"name":"wp","href":"https:\/\/api.w.org\/{rel}","templated":true}]}}