{"id":4026,"date":"2020-12-25T14:56:53","date_gmt":"2020-12-25T14:56:53","guid":{"rendered":"http:\/\/sw-themes.com\/porto_dummy\/?page_id=14"},"modified":"2025-02-15T09:11:43","modified_gmt":"2025-02-15T09:11:43","slug":"kurumsal","status":"publish","type":"page","link":"https:\/\/www.izoisipol.com\/index.php\/kurumsal\/","title":{"rendered":"Kurumsal"},"content":{"rendered":"\t\t<div data-elementor-type=\"wp-page\" data-elementor-id=\"4026\" class=\"elementor elementor-4026\" data-elementor-post-type=\"page\">\n\t\t\t\t\t\t<section class=\"elementor-section elementor-top-section elementor-element elementor-element-38d557e elementor-section-content-middle overflow-hidden pt-md-4 pt-xl-0 elementor-section-boxed elementor-section-height-default elementor-section-height-default\" data-id=\"38d557e\" data-element_type=\"section\">\r\n\t\t\r\n\t\t\t\t\t\t\t<div class=\"elementor-container elementor-column-gap-default\">\r\n\t\t\t\t\t\t\t\t\t\t\t<div class=\"elementor-column elementor-col-50 elementor-top-column elementor-element elementor-element-c3bb278\" data-id=\"c3bb278\" data-element_type=\"column\">\r\n\t\t\t\t\t<div class=\"elementor-widget-wrap elementor-element-populated\">\r\n\t\t\t\t\t\t\t\t<div class=\"elementor-element elementor-element-1c9569c elementor-invisible elementor-widget elementor-widget-heading\" data-id=\"1c9569c\" data-element_type=\"widget\" data-settings=\"{&quot;_animation&quot;:&quot;fadeInUp&quot;,&quot;_animation_delay&quot;:100}\" data-widget_type=\"heading.default\">\n\t\t\t\t<div class=\"elementor-widget-container\">\n\t\t\t<h2 class=\"elementor-heading-title elementor-size-default\">20 Y\u0131ll\u0131k Tecr\u00fcbe<\/h2>\t\t<\/div>\n\t\t\t\t<\/div>\n\t\t\t\t<div class=\"elementor-element elementor-element-ddcbac0 customLineProgressAnim my-3 elementor-widget-divider--view-line elementor-invisible elementor-widget elementor-widget-divider\" data-id=\"ddcbac0\" data-element_type=\"widget\" data-settings=\"{&quot;_animation&quot;:&quot;fadeIn&quot;,&quot;_animation_delay&quot;:300}\" data-widget_type=\"divider.default\">\n\t\t\t\t<div class=\"elementor-widget-container\">\n\t\t\t\t\t<div class=\"elementor-divider\">\n\t\t\t<span class=\"elementor-divider-separator\">\n\t\t\t\t\t\t<\/span>\n\t\t<\/div>\n\t\t\t\t<\/div>\n\t\t\t\t<\/div>\n\t\t\t\t<div class=\"elementor-element elementor-element-169aada mb-4 elementor-invisible elementor-widget elementor-widget-heading\" data-id=\"169aada\" data-element_type=\"widget\" data-settings=\"{&quot;_animation&quot;:&quot;fadeInUp&quot;,&quot;_animation_delay&quot;:450}\" data-widget_type=\"heading.default\">\n\t\t\t\t<div class=\"elementor-widget-container\">\n\t\t\t<p class=\"elementor-heading-title elementor-size-default\"><p class=\"p1\" style=\"margin-bottom: 0px;font-size: 18px;line-height: normal\">2005 y\u0131l\u0131nda kurulan \u0130zo\u0131s\u0131pol, poli\u00fcretan uygulama konusunda uzmanla\u015fm\u0131\u015f bir firmad\u0131r. Kuruldu\u011fumuz g\u00fcnden bu yana, m\u00fc\u015fteri memnuniyetini ve kaliteyi \u00f6n planda tutarak sekt\u00f6rde g\u00fcvenilir bir isim haline geldik. Teknik ekibimizle birlikte, uygulama yap\u0131lacak alanlarda titiz bir saha ara\u015ft\u0131rmas\u0131 ger\u00e7ekle\u015ftiriyoruz. Bu ara\u015ft\u0131rmalar sonucunda haz\u0131rlanan plan do\u011frultusunda, \u00e7al\u0131\u015fmalar\u0131m\u0131z\u0131 h\u0131zl\u0131 ve etkili bir \u015fekilde tamaml\u0131yor, \u00fcst\u00fcn kalitede sonu\u00e7lar elde ediyoruz.  Tamamen poli\u00fcretan ham maddesinden \u00fcretilen malzemelerimiz, y\u00fczde y\u00fcz sa\u011fl\u0131kl\u0131 ve dayan\u0131kl\u0131 olup, \u0131s\u0131, ses ve suya kar\u015f\u0131 y\u00fcksek koruma sa\u011flamaktad\u0131r.<\/p><\/p>\t\t<\/div>\n\t\t\t\t<\/div>\n\t\t\t\t<div class=\"elementor-section elementor-inner-section elementor-element elementor-element-4ade184 pt-1 elementor-section-boxed elementor-section-height-default elementor-section-height-default elementor-invisible\" data-id=\"4ade184\" data-element_type=\"section\" data-settings=\"{&quot;animation&quot;:&quot;fadeInLeft&quot;,&quot;animation_delay&quot;:500}\">\r\n\t\t\r\n\t\t\t\t\t\t\t<div class=\"elementor-container elementor-column-gap-default\">\r\n\t\t\t\t\t\t\t\t\t\t\t<div class=\"elementor-column elementor-col-50 elementor-inner-column elementor-element elementor-element-97d84e3\" data-id=\"97d84e3\" data-element_type=\"column\">\r\n\t\t\t\t\t<div class=\"elementor-widget-wrap elementor-element-populated\">\r\n\t\t\t\t\t\t\t\t<div class=\"elementor-element elementor-element-ca56612 elementor-invisible elementor-widget elementor-widget-heading\" data-id=\"ca56612\" data-element_type=\"widget\" data-settings=\"{&quot;_animation&quot;:&quot;fadeInUp&quot;,&quot;_animation_delay&quot;:100}\" data-widget_type=\"heading.default\">\n\t\t\t\t<div class=\"elementor-widget-container\">\n\t\t\t<h2 class=\"elementor-heading-title elementor-size-default\">Vizyon<\/h2>\t\t<\/div>\n\t\t\t\t<\/div>\n\t\t\t\t<div class=\"elementor-element elementor-element-56808bb mb-4 elementor-invisible elementor-widget elementor-widget-heading\" data-id=\"56808bb\" data-element_type=\"widget\" data-settings=\"{&quot;_animation&quot;:&quot;fadeInUp&quot;,&quot;_animation_delay&quot;:450}\" data-widget_type=\"heading.default\">\n\t\t\t\t<div class=\"elementor-widget-container\">\n\t\t\t<p class=\"elementor-heading-title elementor-size-default\"><p class=\"p1\" style=\"margin-bottom: 0px;font-size: 18px;line-height: normal\">\u0130zo\u0131s\u0131pol olarak vizyonumuz, poli\u00fcretan uygulama sekt\u00f6r\u00fcnde yenilik\u00e7i ve \u00f6nc\u00fc bir firma olarak, kalitemizi ve m\u00fc\u015fteri memnuniyetimizi en \u00fcst seviyeye \u00e7\u0131karmakt\u0131r. Yerli \u00fcretim g\u00fcc\u00fcm\u00fczle, ulusal ve uluslararas\u0131 pazarda tercih edilen bir marka olmay\u0131 hedefliyoruz.<\/p><\/p>\t\t<\/div>\n\t\t\t\t<\/div>\n\t\t\t\t\t<\/div>\r\n\t\t\t\t<\/div>\r\n\t\t\t\t<div class=\"elementor-column elementor-col-50 elementor-inner-column elementor-element elementor-element-cf31746\" data-id=\"cf31746\" data-element_type=\"column\">\r\n\t\t\t\t\t<div class=\"elementor-widget-wrap elementor-element-populated\">\r\n\t\t\t\t\t\t\t\t<div class=\"elementor-element elementor-element-0e0723a elementor-invisible elementor-widget elementor-widget-heading\" data-id=\"0e0723a\" data-element_type=\"widget\" data-settings=\"{&quot;_animation&quot;:&quot;fadeInUp&quot;,&quot;_animation_delay&quot;:100}\" data-widget_type=\"heading.default\">\n\t\t\t\t<div class=\"elementor-widget-container\">\n\t\t\t<h2 class=\"elementor-heading-title elementor-size-default\">Misyon<\/h2>\t\t<\/div>\n\t\t\t\t<\/div>\n\t\t\t\t<div class=\"elementor-element elementor-element-bbe35fb mb-4 elementor-invisible elementor-widget elementor-widget-heading\" data-id=\"bbe35fb\" data-element_type=\"widget\" data-settings=\"{&quot;_animation&quot;:&quot;fadeInUp&quot;,&quot;_animation_delay&quot;:450}\" data-widget_type=\"heading.default\">\n\t\t\t\t<div class=\"elementor-widget-container\">\n\t\t\t<p class=\"elementor-heading-title elementor-size-default\"><p class=\"p1\" style=\"margin-bottom: 0px;font-size: 18px;line-height: normal\">Misyonumuz, m\u00fc\u015fterilerimize en sa\u011fl\u0131kl\u0131, dayan\u0131kl\u0131 ve g\u00fcvenilir yal\u0131t\u0131m \u00e7\u00f6z\u00fcmlerini sunmakt\u0131r. \u0130zo\u0131s\u0131pol olarak, her projede en y\u00fcksek kalite standartlar\u0131n\u0131 koruyarak, \u00e7evreye duyarl\u0131 ve s\u00fcrd\u00fcr\u00fclebilir uygulamalarla sekt\u00f6rdeki fark\u0131m\u0131z\u0131 ortaya koyuyoruz.<\/p><\/p>\t\t<\/div>\n\t\t\t\t<\/div>\n\t\t\t\t\t<\/div>\r\n\t\t\t\t<\/div>\r\n\t\t\t\t\t<\/div>\r\n\t\t\t\t<\/div>\r\n\t\t\t\t\t<\/div>\r\n\t\t\t\t<\/div>\r\n\t\t\t\t<div class=\"elementor-column elementor-col-50 elementor-top-column elementor-element elementor-element-c45fecf ps-lg-5 pe-5 custom-auto-img\" data-id=\"c45fecf\" data-element_type=\"column\">\r\n\t\t\t\t\t<div class=\"elementor-widget-wrap elementor-element-populated\">\r\n\t\t\t\t\t\t\t\t<div class=\"elementor-element elementor-element-6aef0db elementor-widget elementor-widget-image\" data-id=\"6aef0db\" data-element_type=\"widget\" data-widget_type=\"image.default\">\n\t\t\t\t<div class=\"elementor-widget-container\">\n\t\t\t\t\t\t\t\t\t\t\t\t\t<img fetchpriority=\"high\" decoding=\"async\" width=\"445\" height=\"445\" src=\"https:\/\/www.izoisipol.com\/wp-content\/uploads\/2024\/08\/kurumsal-sag.png\" class=\"attachment-full size-full wp-image-4228\" alt=\"\" srcset=\"https:\/\/www.izoisipol.com\/wp-content\/uploads\/2024\/08\/kurumsal-sag.png 445w, https:\/\/www.izoisipol.com\/wp-content\/uploads\/2024\/08\/kurumsal-sag-400x400.png 400w, https:\/\/www.izoisipol.com\/wp-content\/uploads\/2024\/08\/kurumsal-sag-367x367.png 367w\" sizes=\"(max-width: 445px) 100vw, 445px\" \/>\t\t\t\t\t\t\t\t\t\t\t\t\t<\/div>\n\t\t\t\t<\/div>\n\t\t\t\t<div class=\"elementor-element elementor-element-8f73124 w-auto auto-1 transform3dxy-n50 elementor-widget elementor-widget-image\" data-id=\"8f73124\" data-element_type=\"widget\" data-widget_type=\"image.default\">\n\t\t\t\t<div class=\"elementor-widget-container\">\n\t\t\t\t\t\t\t\t\t\t\t\t\t<img decoding=\"async\" width=\"35\" height=\"35\" src=\"https:\/\/www.izoisipol.com\/wp-content\/uploads\/2020\/12\/generic-1-1-1.png\" class=\"attachment-full size-full wp-image-73\" alt=\"generic\" \/>\t\t\t\t\t\t\t\t\t\t\t\t\t<\/div>\n\t\t\t\t<\/div>\n\t\t\t\t<div class=\"elementor-element elementor-element-909ffae w-auto auto-2 transform3dxy-n50 elementor-widget elementor-widget-image\" data-id=\"909ffae\" data-element_type=\"widget\" data-widget_type=\"image.default\">\n\t\t\t\t<div class=\"elementor-widget-container\">\n\t\t\t\t\t\t\t\t\t\t\t\t\t<img decoding=\"async\" width=\"75\" height=\"75\" src=\"https:\/\/www.izoisipol.com\/wp-content\/uploads\/2020\/12\/generic-1-2.png\" class=\"attachment-full size-full wp-image-74\" alt=\"generic\" \/>\t\t\t\t\t\t\t\t\t\t\t\t\t<\/div>\n\t\t\t\t<\/div>\n\t\t\t\t<div class=\"elementor-element elementor-element-aa1bb56 w-auto auto-3 transform3dxy-n50 elementor-widget elementor-widget-image\" data-id=\"aa1bb56\" data-element_type=\"widget\" data-widget_type=\"image.default\">\n\t\t\t\t<div class=\"elementor-widget-container\">\n\t\t\t\t\t\t\t\t\t\t\t\t\t<img loading=\"lazy\" decoding=\"async\" width=\"57\" height=\"57\" src=\"https:\/\/www.izoisipol.com\/wp-content\/uploads\/2020\/12\/generic-1-3.png\" class=\"attachment-full size-full wp-image-75\" alt=\"generic\" \/>\t\t\t\t\t\t\t\t\t\t\t\t\t<\/div>\n\t\t\t\t<\/div>\n\t\t\t\t\t<\/div>\r\n\t\t\t\t<\/div>\r\n\t\t\t\t\t<\/div>\r\n\t\t\t\t<\/section>\r\n\t\t\t\t<section class=\"elementor-section elementor-top-section elementor-element elementor-element-b9dba51 p-t-xlg p-b-xlg elementor-section-boxed elementor-section-height-default elementor-section-height-default\" data-id=\"b9dba51\" data-element_type=\"section\" data-settings=\"{&quot;background_background&quot;:&quot;classic&quot;}\">\r\n\t\t\r\n\t\t\t\t\t\t\t<div class=\"elementor-container elementor-column-gap-no\">\r\n\t\t\t\t\t\t\t\t\t\t\t<div class=\"elementor-column elementor-col-100 elementor-top-column elementor-element elementor-element-cdb6816\" data-id=\"cdb6816\" data-element_type=\"column\">\r\n\t\t\t\t\t<div class=\"elementor-widget-wrap\">\r\n\t\t\t\t\t\t\t\t\t<\/div>\r\n\t\t\t\t<\/div>\r\n\t\t\t\t\t<\/div>\r\n\t\t\t\t<\/section>\r\n\t\t\t\t<section class=\"elementor-section elementor-top-section elementor-element elementor-element-81e2c69 p-t-xxl p-b-xxl elementor-section-boxed elementor-section-height-default elementor-section-height-default\" data-id=\"81e2c69\" data-element_type=\"section\" data-settings=\"{&quot;background_background&quot;:&quot;classic&quot;}\">\r\n\t\t\r\n\t\t\t\t\t\t\t<div class=\"elementor-container elementor-column-gap-default\">\r\n\t\t\t\t\t\t\t\t\t\t\t<div class=\"elementor-column elementor-col-50 elementor-top-column elementor-element elementor-element-b86cf81\" data-id=\"b86cf81\" data-element_type=\"column\">\r\n\t\t\t\t\t<div class=\"elementor-widget-wrap elementor-element-populated\">\r\n\t\t\t\t\t\t\t\t<div class=\"elementor-element elementor-element-768c529 mb-2 mb-lg-2 text-center text-lg-start elementor-invisible elementor-widget elementor-widget-heading\" data-id=\"768c529\" data-element_type=\"widget\" data-settings=\"{&quot;_animation&quot;:&quot;fadeInUp&quot;,&quot;_animation_delay&quot;:200}\" data-widget_type=\"heading.default\">\n\t\t\t\t<div class=\"elementor-widget-container\">\n\t\t\t<h3 class=\"elementor-heading-title elementor-size-default\">DO\u011eRU UYGULAMA VE KAL\u0130TEL\u0130 H\u0130ZMET M\u0130 ARIYORSUNUZ?<\/h3>\t\t<\/div>\n\t\t\t\t<\/div>\n\t\t\t\t<div class=\"elementor-element elementor-element-59fe032 mb-1 text-center text-lg-start elementor-invisible elementor-widget elementor-widget-heading\" data-id=\"59fe032\" data-element_type=\"widget\" data-settings=\"{&quot;_animation&quot;:&quot;fadeInUp&quot;,&quot;_animation_delay&quot;:400}\" data-widget_type=\"heading.default\">\n\t\t\t\t<div class=\"elementor-widget-container\">\n\t\t\t<h2 class=\"elementor-heading-title elementor-size-default\">TECR\u00dcBEL\u0130 EK\u0130B\u0130M\u0130ZLE YANINIZDAYIZ<\/h2>\t\t<\/div>\n\t\t\t\t<\/div>\n\t\t\t\t<div class=\"elementor-element elementor-element-e3cc3f9 text-center text-lg-start elementor-invisible elementor-widget elementor-widget-heading\" data-id=\"e3cc3f9\" data-element_type=\"widget\" data-settings=\"{&quot;_animation&quot;:&quot;fadeInUp&quot;,&quot;_animation_delay&quot;:600}\" data-widget_type=\"heading.default\">\n\t\t\t\t<div class=\"elementor-widget-container\">\n\t\t\t<p class=\"elementor-heading-title elementor-size-default\">Hemen Teklif Almak \u0130\u00e7in Bizimle \u0130leti\u015fime Ge\u00e7in.<\/p>\t\t<\/div>\n\t\t\t\t<\/div>\n\t\t\t\t\t<\/div>\r\n\t\t\t\t<\/div>\r\n\t\t\t\t<div class=\"elementor-column elementor-col-50 elementor-top-column elementor-element elementor-element-ff95b48\" data-id=\"ff95b48\" data-element_type=\"column\">\r\n\t\t\t\t\t<div class=\"elementor-widget-wrap elementor-element-populated\">\r\n\t\t\t\t\t\t\t\t<div class=\"elementor-element elementor-element-bb1b9f4 custom-view-more mb-3 mb-lg-0 w-auto w-lg-max elementor-invisible elementor-widget elementor-widget-porto_info_box\" data-id=\"bb1b9f4\" data-element_type=\"widget\" data-settings=\"{&quot;_animation&quot;:&quot;fadeInLeft&quot;,&quot;_animation_delay&quot;:1500}\" data-widget_type=\"porto_info_box.default\">\n\t\t\t\t<div class=\"elementor-widget-container\">\n\t\t\t<a class=\"porto-sicon-box-link\" href=\"tel:+1234567890\"><div class=\"porto-sicon-box style_1 default-icon\"><div class=\"porto-sicon-default\"><div class=\"porto-just-icon-wrapper porto-icon advanced\" style=\"margin-right:4px;\"><i class=\"porto-icon-phone-1\"><\/i><\/div><\/div><div class=\"porto-sicon-header\"><h3 class=\"porto-sicon-title\" style=\"\">HEMEN ARAYIN<\/h3><p >+90 546 894 14 55<\/p><\/div> <!-- header --><\/div><!-- porto-sicon-box --><\/a>\t\t<\/div>\n\t\t\t\t<\/div>\n\t\t\t\t<div class=\"elementor-element elementor-element-4e799e1 w-lg-max w-auto custom-btn-arrow position-relative z-index-1 text-center text-lg-start  elementor-invisible elementor-widget elementor-widget-porto_button\" data-id=\"4e799e1\" data-element_type=\"widget\" data-settings=\"{&quot;_animation&quot;:&quot;fadeInRight&quot;,&quot;_animation_delay&quot;:1000}\" data-widget_type=\"porto_button.default\">\n\t\t\t\t<div class=\"elementor-widget-container\">\n\t\t\t<a aria-label=\"button\" class=\"btn btn-md btn-light btn-borders btn-full-rounded\" href=\"https:\/\/izoisipol.com\/index.php\/teklif-al\/\" target=\"_blank\" rel=\"noopener\"><span >TEKL\u0130F ALIN<\/span><\/a>\t\t<\/div>\n\t\t\t\t<\/div>\n\t\t\t\t\t<\/div>\r\n\t\t\t\t<\/div>\r\n\t\t\t\t\t<\/div>\r\n\t\t\t\t<\/section>\r\n\t\t\t\t<\/div>\n\t\t","protected":false},"excerpt":{"rendered":"<p>20 Y\u0131ll\u0131k Tecr\u00fcbe 2005 y\u0131l\u0131nda kurulan \u0130zo\u0131s\u0131pol, poli\u00fcretan uygulama konusunda uzmanla\u015fm\u0131\u015f bir firmad\u0131r. Kuruldu\u011fumuz g\u00fcnden bu yana, m\u00fc\u015fteri memnuniyetini ve kaliteyi \u00f6n planda tutarak sekt\u00f6rde g\u00fcvenilir bir isim haline geldik. Teknik ekibimizle birlikte, uygulama yap\u0131lacak alanlarda titiz bir saha ara\u015ft\u0131rmas\u0131 ger\u00e7ekle\u015ftiriyoruz. Bu ara\u015ft\u0131rmalar sonucunda haz\u0131rlanan plan do\u011frultusunda, \u00e7al\u0131\u015fmalar\u0131m\u0131z\u0131 h\u0131zl\u0131 ve etkili bir \u015fekilde tamaml\u0131yor, \u00fcst\u00fcn [&hellip;]<\/p>\n","protected":false},"author":1,"featured_media":0,"parent":0,"menu_order":0,"comment_status":"closed","ping_status":"closed","template":"","meta":{"_monsterinsights_skip_tracking":false,"_monsterinsights_sitenote_active":false,"_monsterinsights_sitenote_note":"","_monsterinsights_sitenote_category":0,"footnotes":""},"class_list":["post-4026","page","type-page","status-publish","hentry"],"_links":{"self":[{"href":"https:\/\/www.izoisipol.com\/index.php\/wp-json\/wp\/v2\/pages\/4026","targetHints":{"allow":["GET"]}}],"collection":[{"href":"https:\/\/www.izoisipol.com\/index.php\/wp-json\/wp\/v2\/pages"}],"about":[{"href":"https:\/\/www.izoisipol.com\/index.php\/wp-json\/wp\/v2\/types\/page"}],"author":[{"embeddable":true,"href":"https:\/\/www.izoisipol.com\/index.php\/wp-json\/wp\/v2\/users\/1"}],"replies":[{"embeddable":true,"href":"https:\/\/www.izoisipol.com\/index.php\/wp-json\/wp\/v2\/comments?post=4026"}],"version-history":[{"count":25,"href":"https:\/\/www.izoisipol.com\/index.php\/wp-json\/wp\/v2\/pages\/4026\/revisions"}],"predecessor-version":[{"id":4763,"href":"https:\/\/www.izoisipol.com\/index.php\/wp-json\/wp\/v2\/pages\/4026\/revisions\/4763"}],"wp:attachment":[{"href":"https:\/\/www.izoisipol.com\/index.php\/wp-json\/wp\/v2\/media?parent=4026"}],"curies":[{"name":"wp","href":"https:\/\/api.w.org\/{rel}","templated":true}]}}