{"id":4445,"date":"2024-08-21T10:48:33","date_gmt":"2024-08-21T10:48:33","guid":{"rendered":"https:\/\/izoisipol.com\/?page_id=4445"},"modified":"2024-08-21T17:57:14","modified_gmt":"2024-08-21T17:57:14","slug":"ahsap-ters-tavan-uygulamasi","status":"publish","type":"page","link":"https:\/\/www.izoisipol.com\/index.php\/ahsap-ters-tavan-uygulamasi\/","title":{"rendered":"AH\u015eAP TERS TAVAN UYGULAMASI"},"content":{"rendered":"\t\t<div data-elementor-type=\"wp-page\" data-elementor-id=\"4445\" class=\"elementor elementor-4445\" data-elementor-post-type=\"page\">\n\t\t\t\t<div class=\"elementor-element elementor-element-6e159fc5 e-con-full e-flex e-con e-parent\" data-id=\"6e159fc5\" data-element_type=\"container\" data-settings=\"{&quot;background_background&quot;:&quot;classic&quot;}\">\r\n\t\t<div class=\"elementor-element elementor-element-7a7185e0 e-con-full e-flex e-con e-child\" data-id=\"7a7185e0\" data-element_type=\"container\">\r\n\t\t\t\t<div class=\"elementor-element elementor-element-68621f8b elementor-widget elementor-widget-heading\" data-id=\"68621f8b\" data-element_type=\"widget\" data-widget_type=\"heading.default\">\n\t\t\t\t<div class=\"elementor-widget-container\">\n\t\t\t<h1 class=\"elementor-heading-title elementor-size-default\">AH\u015eAP TERS TAVAN UYGULAMASI<\/h1>\t\t<\/div>\n\t\t\t\t<\/div>\n\t\t\t\t<\/div>\n\t\t\t\t<\/div>\n\t\t<div class=\"elementor-element elementor-element-7ea1b70 e-con-full e-flex e-con e-parent\" data-id=\"7ea1b70\" data-element_type=\"container\" data-settings=\"{&quot;background_background&quot;:&quot;classic&quot;}\">\r\n\t\t<div class=\"elementor-element elementor-element-11308020 e-con-full e-flex e-con e-child\" data-id=\"11308020\" data-element_type=\"container\">\r\n\t\t\t\t<div class=\"elementor-element elementor-element-68c23f54 elementor-widget elementor-widget-text-editor\" data-id=\"68c23f54\" data-element_type=\"widget\" data-widget_type=\"text-editor.default\">\n\t\t\t\t<div class=\"elementor-widget-container\">\n\t\t\t\t\t\t\t<p><span style=\"font-size: 20px;\">Ah\u015fap ters tavan uygulamas\u0131, estetik ve i\u015flevselli\u011fi bir arada sunan bir i\u00e7 mekan tasar\u0131m se\u00e7ene\u011fidir. \u0130zo\u0131s\u0131pol olarak, bu \u00f6zel uygulamay\u0131 y\u00fcksek kalite standartlar\u0131nda sunarak, hem g\u00f6rsellik hem de yal\u0131t\u0131m a\u00e7\u0131s\u0131ndan m\u00fckemmel sonu\u00e7lar elde etmenizi sa\u011fl\u0131yoruz. Ah\u015fap ters tavan, mek\u00e2na do\u011fal bir s\u0131cakl\u0131k katar ve ortama sofistike bir hava getirir. Ayn\u0131 zamanda, ah\u015fap malzemenin sa\u011flad\u0131\u011f\u0131 \u0131s\u0131, ses ve yang\u0131n yal\u0131t\u0131m\u0131 \u00f6zellikleri ile mekanlar\u0131n\u0131z\u0131 daha konforlu ve g\u00fcvenli hale getirir.<\/span><\/p><p>\u00a0<\/p>\t\t\t\t\t\t<\/div>\n\t\t\t\t<\/div>\n\t\t\t\t<\/div>\n\t\t<div class=\"elementor-element elementor-element-3f0c2eb4 e-con-full e-flex e-con e-child\" data-id=\"3f0c2eb4\" data-element_type=\"container\">\r\n\t\t\t\t<div class=\"elementor-element elementor-element-7b2cb8e1 elementor-widget elementor-widget-image\" data-id=\"7b2cb8e1\" data-element_type=\"widget\" data-widget_type=\"image.default\">\n\t\t\t\t<div class=\"elementor-widget-container\">\n\t\t\t\t\t\t\t\t\t\t\t\t\t<img fetchpriority=\"high\" decoding=\"async\" width=\"1024\" height=\"1024\" src=\"https:\/\/www.izoisipol.com\/wp-content\/uploads\/2022\/03\/4.png\" class=\"attachment-large size-large wp-image-4450\" alt=\"\" srcset=\"https:\/\/www.izoisipol.com\/wp-content\/uploads\/2022\/03\/4.png 1024w, https:\/\/www.izoisipol.com\/wp-content\/uploads\/2022\/03\/4-768x768.png 768w, https:\/\/www.izoisipol.com\/wp-content\/uploads\/2022\/03\/4-640x640.png 640w, https:\/\/www.izoisipol.com\/wp-content\/uploads\/2022\/03\/4-400x400.png 400w, https:\/\/www.izoisipol.com\/wp-content\/uploads\/2022\/03\/4-560x560.png 560w, https:\/\/www.izoisipol.com\/wp-content\/uploads\/2022\/03\/4-367x367.png 367w\" sizes=\"(max-width: 1024px) 100vw, 1024px\" \/>\t\t\t\t\t\t\t\t\t\t\t\t\t<\/div>\n\t\t\t\t<\/div>\n\t\t\t\t<\/div>\n\t\t\t\t<\/div>\n\t\t<div class=\"elementor-element elementor-element-2a7140db e-con-full e-flex e-con e-parent\" data-id=\"2a7140db\" data-element_type=\"container\" data-settings=\"{&quot;background_background&quot;:&quot;classic&quot;}\">\r\n\t\t<div class=\"elementor-element elementor-element-7509bd19 e-con-full e-flex e-con e-child\" data-id=\"7509bd19\" data-element_type=\"container\">\r\n\t\t\t\t<div class=\"elementor-element elementor-element-1eae6165 elementor-widget elementor-widget-text-editor\" data-id=\"1eae6165\" data-element_type=\"widget\" data-widget_type=\"text-editor.default\">\n\t\t\t\t<div class=\"elementor-widget-container\">\n\t\t\t\t\t\t\t<p><span style=\"font-size: 20px;\">Poly\u00fcretan esasl\u0131 yal\u0131t\u0131m malzemelerimiz, ah\u015fap ters tavan uygulamalar\u0131nda da etkin bir \u015fekilde kullan\u0131l\u0131r. Bu malzeme, y\u00fczeye m\u00fckemmel bir \u015fekilde yap\u0131\u015farak zamanla deformasyon olmaks\u0131z\u0131n uzun \u00f6m\u00fcrl\u00fc bir \u00e7\u00f6z\u00fcm sunar. Ah\u015fap ters tavanlar, \u00f6zellikle tavan y\u00fcksekli\u011fi fazla olan mekanlarda tercih edilmekte olup, mek\u00e2n\u0131n akustik \u00f6zelliklerini de iyile\u015ftirir.<\/span><\/p><p><span style=\"font-size: 20px;\">\u0130zo\u0131s\u0131pol olarak, projelerinizi alan\u0131nda uzman teknik ekibimizle titizlikle planlayarak, ah\u015fap ters tavan uygulamalar\u0131n\u0131 h\u0131zl\u0131 ve sorunsuz bir \u015fekilde ger\u00e7ekle\u015ftiriyoruz. Kulland\u0131\u011f\u0131m\u0131z yerli ve sa\u011fl\u0131kl\u0131 malzemeler sayesinde \u00e7evre dostu \u00e7\u00f6z\u00fcmler sunarken, uygulaman\u0131n t\u00fcm a\u015famalar\u0131nda y\u00fcksek kaliteyi garanti ediyoruz. Ah\u015fap ters tavan uygulamas\u0131 ile mek\u00e2nlar\u0131n\u0131z\u0131 hem estetik a\u00e7\u0131dan d\u00f6n\u00fc\u015ft\u00fcr\u00fcn hem de yal\u0131t\u0131m \u00f6zelliklerini en \u00fcst d\u00fczeye \u00e7\u0131kar\u0131n.<\/span><\/p>\t\t\t\t\t\t<\/div>\n\t\t\t\t<\/div>\n\t\t\t\t<\/div>\n\t\t<div class=\"elementor-element elementor-element-1819c258 e-con-full e-flex e-con e-child\" data-id=\"1819c258\" data-element_type=\"container\">\r\n\t\t\t\t<div class=\"elementor-element elementor-element-737c840d elementor-widget elementor-widget-image\" data-id=\"737c840d\" data-element_type=\"widget\" data-widget_type=\"image.default\">\n\t\t\t\t<div class=\"elementor-widget-container\">\n\t\t\t\t\t\t\t\t\t\t\t\t\t<img decoding=\"async\" width=\"1024\" height=\"1024\" src=\"https:\/\/www.izoisipol.com\/wp-content\/uploads\/2022\/03\/3.png\" class=\"attachment-large size-large wp-image-4449\" alt=\"\" srcset=\"https:\/\/www.izoisipol.com\/wp-content\/uploads\/2022\/03\/3.png 1024w, https:\/\/www.izoisipol.com\/wp-content\/uploads\/2022\/03\/3-768x768.png 768w, https:\/\/www.izoisipol.com\/wp-content\/uploads\/2022\/03\/3-640x640.png 640w, https:\/\/www.izoisipol.com\/wp-content\/uploads\/2022\/03\/3-400x400.png 400w, https:\/\/www.izoisipol.com\/wp-content\/uploads\/2022\/03\/3-560x560.png 560w, https:\/\/www.izoisipol.com\/wp-content\/uploads\/2022\/03\/3-367x367.png 367w\" sizes=\"(max-width: 1024px) 100vw, 1024px\" \/>\t\t\t\t\t\t\t\t\t\t\t\t\t<\/div>\n\t\t\t\t<\/div>\n\t\t\t\t<\/div>\n\t\t\t\t<\/div>\n\t\t\t\t<\/div>\n\t\t","protected":false},"excerpt":{"rendered":"<p>AH\u015eAP TERS TAVAN UYGULAMASI Ah\u015fap ters tavan uygulamas\u0131, estetik ve i\u015flevselli\u011fi bir arada sunan bir i\u00e7 mekan tasar\u0131m se\u00e7ene\u011fidir. \u0130zo\u0131s\u0131pol olarak, bu \u00f6zel uygulamay\u0131 y\u00fcksek kalite standartlar\u0131nda sunarak, hem g\u00f6rsellik hem de yal\u0131t\u0131m a\u00e7\u0131s\u0131ndan m\u00fckemmel sonu\u00e7lar elde etmenizi sa\u011fl\u0131yoruz. Ah\u015fap ters tavan, mek\u00e2na do\u011fal bir s\u0131cakl\u0131k katar ve ortama sofistike bir hava getirir. Ayn\u0131 zamanda, [&hellip;]<\/p>\n","protected":false},"author":1,"featured_media":0,"parent":0,"menu_order":0,"comment_status":"closed","ping_status":"closed","template":"","meta":{"_monsterinsights_skip_tracking":false,"_monsterinsights_sitenote_active":false,"_monsterinsights_sitenote_note":"","_monsterinsights_sitenote_category":0,"footnotes":""},"class_list":["post-4445","page","type-page","status-publish","hentry"],"_links":{"self":[{"href":"https:\/\/www.izoisipol.com\/index.php\/wp-json\/wp\/v2\/pages\/4445","targetHints":{"allow":["GET"]}}],"collection":[{"href":"https:\/\/www.izoisipol.com\/index.php\/wp-json\/wp\/v2\/pages"}],"about":[{"href":"https:\/\/www.izoisipol.com\/index.php\/wp-json\/wp\/v2\/types\/page"}],"author":[{"embeddable":true,"href":"https:\/\/www.izoisipol.com\/index.php\/wp-json\/wp\/v2\/users\/1"}],"replies":[{"embeddable":true,"href":"https:\/\/www.izoisipol.com\/index.php\/wp-json\/wp\/v2\/comments?post=4445"}],"version-history":[{"count":10,"href":"https:\/\/www.izoisipol.com\/index.php\/wp-json\/wp\/v2\/pages\/4445\/revisions"}],"predecessor-version":[{"id":4590,"href":"https:\/\/www.izoisipol.com\/index.php\/wp-json\/wp\/v2\/pages\/4445\/revisions\/4590"}],"wp:attachment":[{"href":"https:\/\/www.izoisipol.com\/index.php\/wp-json\/wp\/v2\/media?parent=4445"}],"curies":[{"name":"wp","href":"https:\/\/api.w.org\/{rel}","templated":true}]}}