{"id":4457,"date":"2024-08-21T10:55:07","date_gmt":"2024-08-21T10:55:07","guid":{"rendered":"https:\/\/izoisipol.com\/?page_id=4457"},"modified":"2024-08-21T18:00:09","modified_gmt":"2024-08-21T18:00:09","slug":"bodrum-tavan-izolasyonu","status":"publish","type":"page","link":"https:\/\/www.izoisipol.com\/index.php\/bodrum-tavan-izolasyonu\/","title":{"rendered":"BODRUM TAVAN \u0130ZOLASYONU"},"content":{"rendered":"\t\t<div data-elementor-type=\"wp-page\" data-elementor-id=\"4457\" class=\"elementor elementor-4457\" data-elementor-post-type=\"page\">\n\t\t\t\t<div class=\"elementor-element elementor-element-6e159fc5 e-con-full e-flex e-con e-parent\" data-id=\"6e159fc5\" data-element_type=\"container\" data-settings=\"{&quot;background_background&quot;:&quot;classic&quot;}\">\r\n\t\t<div class=\"elementor-element elementor-element-7a7185e0 e-con-full e-flex e-con e-child\" data-id=\"7a7185e0\" data-element_type=\"container\">\r\n\t\t\t\t<div class=\"elementor-element elementor-element-68621f8b elementor-widget elementor-widget-heading\" data-id=\"68621f8b\" data-element_type=\"widget\" data-widget_type=\"heading.default\">\n\t\t\t\t<div class=\"elementor-widget-container\">\n\t\t\t<h1 class=\"elementor-heading-title elementor-size-default\">BODRUM TAVAN \u0130ZOLASYONU\n<\/h1>\t\t<\/div>\n\t\t\t\t<\/div>\n\t\t\t\t<\/div>\n\t\t\t\t<\/div>\n\t\t<div class=\"elementor-element elementor-element-7ea1b70 e-con-full e-flex e-con e-parent\" data-id=\"7ea1b70\" data-element_type=\"container\" data-settings=\"{&quot;background_background&quot;:&quot;classic&quot;}\">\r\n\t\t<div class=\"elementor-element elementor-element-11308020 e-con-full e-flex e-con e-child\" data-id=\"11308020\" data-element_type=\"container\">\r\n\t\t\t\t<div class=\"elementor-element elementor-element-68c23f54 elementor-widget elementor-widget-text-editor\" data-id=\"68c23f54\" data-element_type=\"widget\" data-widget_type=\"text-editor.default\">\n\t\t\t\t<div class=\"elementor-widget-container\">\n\t\t\t\t\t\t\t<p><span style=\"font-size: 20px;\">Bodrum tavan izolasyonu, \u00f6zellikle binalar\u0131n enerji verimlili\u011fini art\u0131rmak ve uzun \u00f6m\u00fcrl\u00fc yap\u0131 g\u00fcvenli\u011fi sa\u011flamak i\u00e7in kritik bir uygulamad\u0131r. Bodrumlar, genellikle binalar\u0131n en az kullan\u0131lan b\u00f6l\u00fcmleri olarak g\u00f6r\u00fclse de, \u0131s\u0131 kay\u0131plar\u0131n\u0131n en fazla ya\u015fand\u0131\u011f\u0131 alanlardan biridir. Bu nedenle, bodrum tavan\u0131n\u0131n do\u011fru bir \u015fekilde izole edilmesi, hem enerji maliyetlerinin d\u00fc\u015f\u00fcr\u00fclmesine hem de yap\u0131n\u0131n genel konforunun art\u0131r\u0131lmas\u0131na katk\u0131 sa\u011flar.<br \/><br \/><\/span><span style=\"font-size: 20px;\">\u0130zo\u0131s\u0131pol olarak sundu\u011fumuz bodrum tavan izolasyonu hizmetleri, y\u00fcksek kaliteli poli\u00fcretan malzemeler kullan\u0131larak ger\u00e7ekle\u015ftirilir. Poli\u00fcretan, benzersiz \u0131s\u0131 yal\u0131t\u0131m \u00f6zelliklerine sahip bir malzeme olup, ayn\u0131 zamanda ses ve yang\u0131n yal\u0131t\u0131m\u0131 konusunda da etkili sonu\u00e7lar verir. Uygulama s\u0131ras\u0131nda, dikkatli bir \u015fekilde yap\u0131lan saha ara\u015ft\u0131rmalar\u0131 ve detayl\u0131 planlamalar do\u011frultusunda \u00e7al\u0131\u015f\u0131yoruz. <\/span><\/p>\t\t\t\t\t\t<\/div>\n\t\t\t\t<\/div>\n\t\t\t\t<\/div>\n\t\t<div class=\"elementor-element elementor-element-3f0c2eb4 e-con-full e-flex e-con e-child\" data-id=\"3f0c2eb4\" data-element_type=\"container\">\r\n\t\t\t\t<div class=\"elementor-element elementor-element-7b2cb8e1 elementor-widget elementor-widget-image\" data-id=\"7b2cb8e1\" data-element_type=\"widget\" data-widget_type=\"image.default\">\n\t\t\t\t<div class=\"elementor-widget-container\">\n\t\t\t\t\t\t\t\t\t\t\t\t\t<img fetchpriority=\"high\" decoding=\"async\" width=\"1024\" height=\"1024\" src=\"https:\/\/www.izoisipol.com\/wp-content\/uploads\/2022\/03\/5.png\" class=\"attachment-large size-large wp-image-4459\" alt=\"\" srcset=\"https:\/\/www.izoisipol.com\/wp-content\/uploads\/2022\/03\/5.png 1024w, https:\/\/www.izoisipol.com\/wp-content\/uploads\/2022\/03\/5-768x768.png 768w, https:\/\/www.izoisipol.com\/wp-content\/uploads\/2022\/03\/5-640x640.png 640w, https:\/\/www.izoisipol.com\/wp-content\/uploads\/2022\/03\/5-400x400.png 400w, https:\/\/www.izoisipol.com\/wp-content\/uploads\/2022\/03\/5-560x560.png 560w, https:\/\/www.izoisipol.com\/wp-content\/uploads\/2022\/03\/5-367x367.png 367w\" sizes=\"(max-width: 1024px) 100vw, 1024px\" \/>\t\t\t\t\t\t\t\t\t\t\t\t\t<\/div>\n\t\t\t\t<\/div>\n\t\t\t\t<\/div>\n\t\t\t\t<\/div>\n\t\t<div class=\"elementor-element elementor-element-2a7140db e-con-full e-flex e-con e-parent\" data-id=\"2a7140db\" data-element_type=\"container\" data-settings=\"{&quot;background_background&quot;:&quot;classic&quot;}\">\r\n\t\t<div class=\"elementor-element elementor-element-7509bd19 e-con-full e-flex e-con e-child\" data-id=\"7509bd19\" data-element_type=\"container\">\r\n\t\t\t\t<div class=\"elementor-element elementor-element-1eae6165 elementor-widget elementor-widget-text-editor\" data-id=\"1eae6165\" data-element_type=\"widget\" data-widget_type=\"text-editor.default\">\n\t\t\t\t<div class=\"elementor-widget-container\">\n\t\t\t\t\t\t\t<p><span style=\"font-size: 20px;\">Bodrum tavan izolasyonu, \u00f6zellikle k\u0131\u015f aylar\u0131nda bina i\u00e7indeki \u0131s\u0131 kayb\u0131n\u0131 minimuma indirir. Bu sayede, \u0131s\u0131tma maliyetleri \u00f6nemli \u00f6l\u00e7\u00fcde azal\u0131r ve enerji tasarrufu sa\u011flan\u0131r. Ayn\u0131 zamanda, yaz aylar\u0131nda da serin bir ortam yarat\u0131lmas\u0131na katk\u0131 sa\u011flar, bu da klimaya olan ihtiyac\u0131 azalt\u0131r. Bu t\u00fcr bir izolasyon, sadece enerji tasarrufu sa\u011flamakla kalmaz, ayn\u0131 zamanda bina i\u00e7indeki ya\u015fam kalitesini de art\u0131r\u0131r.<\/span><\/p><p><span style=\"font-size: 20px;\">Poli\u00fcretan malzemeler, sa\u011fl\u0131\u011fa zarars\u0131z ve \u00e7evre dostu olmalar\u0131yla \u00f6ne \u00e7\u0131kar. Tamamen yerli \u00fcretim olan bu malzemeler, uzun \u00f6m\u00fcrl\u00fc ve dayan\u0131kl\u0131d\u0131r. \u0130zo\u0131s\u0131pol olarak, kaliteli i\u015f\u00e7ilik ve m\u00fc\u015fteri memnuniyetini \u00f6n planda tutarak, bodrum tavan izolasyonu hizmetlerinde en iyi sonu\u00e7lar\u0131 elde etmeyi hedefliyoruz.<\/span><\/p><p>\u00a0<\/p>\t\t\t\t\t\t<\/div>\n\t\t\t\t<\/div>\n\t\t\t\t<\/div>\n\t\t<div class=\"elementor-element elementor-element-1819c258 e-con-full e-flex e-con e-child\" data-id=\"1819c258\" data-element_type=\"container\">\r\n\t\t\t\t<div class=\"elementor-element elementor-element-737c840d elementor-widget elementor-widget-image\" data-id=\"737c840d\" data-element_type=\"widget\" data-widget_type=\"image.default\">\n\t\t\t\t<div class=\"elementor-widget-container\">\n\t\t\t\t\t\t\t\t\t\t\t\t\t<img decoding=\"async\" width=\"1024\" height=\"1024\" src=\"https:\/\/www.izoisipol.com\/wp-content\/uploads\/2022\/03\/6.png\" class=\"attachment-large size-large wp-image-4460\" alt=\"\" srcset=\"https:\/\/www.izoisipol.com\/wp-content\/uploads\/2022\/03\/6.png 1024w, https:\/\/www.izoisipol.com\/wp-content\/uploads\/2022\/03\/6-768x768.png 768w, https:\/\/www.izoisipol.com\/wp-content\/uploads\/2022\/03\/6-640x640.png 640w, https:\/\/www.izoisipol.com\/wp-content\/uploads\/2022\/03\/6-400x400.png 400w, https:\/\/www.izoisipol.com\/wp-content\/uploads\/2022\/03\/6-560x560.png 560w, https:\/\/www.izoisipol.com\/wp-content\/uploads\/2022\/03\/6-367x367.png 367w\" sizes=\"(max-width: 1024px) 100vw, 1024px\" \/>\t\t\t\t\t\t\t\t\t\t\t\t\t<\/div>\n\t\t\t\t<\/div>\n\t\t\t\t<\/div>\n\t\t\t\t<\/div>\n\t\t\t\t<\/div>\n\t\t","protected":false},"excerpt":{"rendered":"<p>BODRUM TAVAN \u0130ZOLASYONU Bodrum tavan izolasyonu, \u00f6zellikle binalar\u0131n enerji verimlili\u011fini art\u0131rmak ve uzun \u00f6m\u00fcrl\u00fc yap\u0131 g\u00fcvenli\u011fi sa\u011flamak i\u00e7in kritik bir uygulamad\u0131r. Bodrumlar, genellikle binalar\u0131n en az kullan\u0131lan b\u00f6l\u00fcmleri olarak g\u00f6r\u00fclse de, \u0131s\u0131 kay\u0131plar\u0131n\u0131n en fazla ya\u015fand\u0131\u011f\u0131 alanlardan biridir. Bu nedenle, bodrum tavan\u0131n\u0131n do\u011fru bir \u015fekilde izole edilmesi, hem enerji maliyetlerinin d\u00fc\u015f\u00fcr\u00fclmesine hem de yap\u0131n\u0131n genel [&hellip;]<\/p>\n","protected":false},"author":1,"featured_media":0,"parent":0,"menu_order":0,"comment_status":"closed","ping_status":"closed","template":"","meta":{"_monsterinsights_skip_tracking":false,"_monsterinsights_sitenote_active":false,"_monsterinsights_sitenote_note":"","_monsterinsights_sitenote_category":0,"footnotes":""},"class_list":["post-4457","page","type-page","status-publish","hentry"],"_links":{"self":[{"href":"https:\/\/www.izoisipol.com\/index.php\/wp-json\/wp\/v2\/pages\/4457","targetHints":{"allow":["GET"]}}],"collection":[{"href":"https:\/\/www.izoisipol.com\/index.php\/wp-json\/wp\/v2\/pages"}],"about":[{"href":"https:\/\/www.izoisipol.com\/index.php\/wp-json\/wp\/v2\/types\/page"}],"author":[{"embeddable":true,"href":"https:\/\/www.izoisipol.com\/index.php\/wp-json\/wp\/v2\/users\/1"}],"replies":[{"embeddable":true,"href":"https:\/\/www.izoisipol.com\/index.php\/wp-json\/wp\/v2\/comments?post=4457"}],"version-history":[{"count":10,"href":"https:\/\/www.izoisipol.com\/index.php\/wp-json\/wp\/v2\/pages\/4457\/revisions"}],"predecessor-version":[{"id":4593,"href":"https:\/\/www.izoisipol.com\/index.php\/wp-json\/wp\/v2\/pages\/4457\/revisions\/4593"}],"wp:attachment":[{"href":"https:\/\/www.izoisipol.com\/index.php\/wp-json\/wp\/v2\/media?parent=4457"}],"curies":[{"name":"wp","href":"https:\/\/api.w.org\/{rel}","templated":true}]}}