{"id":4467,"date":"2024-08-21T11:04:40","date_gmt":"2024-08-21T11:04:40","guid":{"rendered":"https:\/\/izoisipol.com\/?page_id=4467"},"modified":"2024-08-21T18:02:10","modified_gmt":"2024-08-21T18:02:10","slug":"boru-tank-ambalaj-izolasyonu","status":"publish","type":"page","link":"https:\/\/www.izoisipol.com\/index.php\/boru-tank-ambalaj-izolasyonu\/","title":{"rendered":"BORU, TANK, AMBALAJ \u0130ZOLASYON"},"content":{"rendered":"\t\t<div data-elementor-type=\"wp-page\" data-elementor-id=\"4467\" class=\"elementor elementor-4467\" data-elementor-post-type=\"page\">\n\t\t\t\t<div class=\"elementor-element elementor-element-6e159fc5 e-con-full e-flex e-con e-parent\" data-id=\"6e159fc5\" data-element_type=\"container\" data-settings=\"{&quot;background_background&quot;:&quot;classic&quot;}\">\r\n\t\t<div class=\"elementor-element elementor-element-7a7185e0 e-con-full e-flex e-con e-child\" data-id=\"7a7185e0\" data-element_type=\"container\">\r\n\t\t\t\t<div class=\"elementor-element elementor-element-68621f8b elementor-widget elementor-widget-heading\" data-id=\"68621f8b\" data-element_type=\"widget\" data-widget_type=\"heading.default\">\n\t\t\t\t<div class=\"elementor-widget-container\">\n\t\t\t<h1 class=\"elementor-heading-title elementor-size-default\">BORU, TANK, AMBALAJ \u0130ZOLASYON<\/h1>\t\t<\/div>\n\t\t\t\t<\/div>\n\t\t\t\t<\/div>\n\t\t\t\t<\/div>\n\t\t<div class=\"elementor-element elementor-element-7ea1b70 e-con-full e-flex e-con e-parent\" data-id=\"7ea1b70\" data-element_type=\"container\" data-settings=\"{&quot;background_background&quot;:&quot;classic&quot;}\">\r\n\t\t<div class=\"elementor-element elementor-element-11308020 e-con-full e-flex e-con e-child\" data-id=\"11308020\" data-element_type=\"container\">\r\n\t\t\t\t<div class=\"elementor-element elementor-element-68c23f54 elementor-widget elementor-widget-text-editor\" data-id=\"68c23f54\" data-element_type=\"widget\" data-widget_type=\"text-editor.default\">\n\t\t\t\t<div class=\"elementor-widget-container\">\n\t\t\t\t\t\t\t<p><span style=\"font-size: 20px;\">Boru, tank, ve ambalaj izolasyonu, end\u00fcstriyel alanlarda enerji verimlili\u011fi, g\u00fcvenlik ve s\u00fcrd\u00fcr\u00fclebilirlik a\u00e7\u0131s\u0131ndan b\u00fcy\u00fck \u00f6nem ta\u015f\u0131r. \u0130zolasyon \u00e7\u00f6z\u00fcmleri, \u00f6zellikle boru, tank ve ambalaj gibi \u0131s\u0131 kayb\u0131na, d\u0131\u015f etkenlere ve mekanik hasara kar\u015f\u0131 savunmas\u0131z olan yap\u0131lar\u0131n korunmas\u0131 i\u00e7in kritik bir rol oynar.<\/span><\/p><p><span style=\"font-size: 20px;\"><strong>Boru izolasyonu<\/strong>, end\u00fcstriyel tesislerde s\u0131v\u0131 ve gaz ta\u015f\u0131yan boru hatlar\u0131n\u0131n verimli bir \u015fekilde \u00e7al\u0131\u015fmas\u0131n\u0131 sa\u011flar. Borular\u0131n \u00e7evresine uygulanan poli\u00fcretan k\u00f6p\u00fck izolasyonu, \u0131s\u0131 kayb\u0131n\u0131 minimuma indirir, b\u00f6ylece enerji tasarrufu sa\u011flan\u0131r ve i\u015fletme maliyetleri d\u00fc\u015fer. Ayr\u0131ca, boru izolasyonu, kondens olu\u015fumunu engelleyerek korozyon riskini azalt\u0131r ve sistemin \u00f6mr\u00fcn\u00fc uzat\u0131r.<\/span><\/p>\t\t\t\t\t\t<\/div>\n\t\t\t\t<\/div>\n\t\t\t\t<\/div>\n\t\t<div class=\"elementor-element elementor-element-3f0c2eb4 e-con-full e-flex e-con e-child\" data-id=\"3f0c2eb4\" data-element_type=\"container\">\r\n\t\t\t\t<div class=\"elementor-element elementor-element-7b2cb8e1 elementor-widget elementor-widget-image\" data-id=\"7b2cb8e1\" data-element_type=\"widget\" data-widget_type=\"image.default\">\n\t\t\t\t<div class=\"elementor-widget-container\">\n\t\t\t\t\t\t\t\t\t\t\t\t\t<img fetchpriority=\"high\" decoding=\"async\" width=\"1024\" height=\"1024\" src=\"https:\/\/www.izoisipol.com\/wp-content\/uploads\/2024\/08\/7.png\" class=\"attachment-large size-large wp-image-4469\" alt=\"\" srcset=\"https:\/\/www.izoisipol.com\/wp-content\/uploads\/2024\/08\/7.png 1024w, https:\/\/www.izoisipol.com\/wp-content\/uploads\/2024\/08\/7-768x768.png 768w, https:\/\/www.izoisipol.com\/wp-content\/uploads\/2024\/08\/7-640x640.png 640w, https:\/\/www.izoisipol.com\/wp-content\/uploads\/2024\/08\/7-400x400.png 400w, https:\/\/www.izoisipol.com\/wp-content\/uploads\/2024\/08\/7-560x560.png 560w, https:\/\/www.izoisipol.com\/wp-content\/uploads\/2024\/08\/7-367x367.png 367w\" sizes=\"(max-width: 1024px) 100vw, 1024px\" \/>\t\t\t\t\t\t\t\t\t\t\t\t\t<\/div>\n\t\t\t\t<\/div>\n\t\t\t\t<\/div>\n\t\t\t\t<\/div>\n\t\t<div class=\"elementor-element elementor-element-2a7140db e-con-full e-flex e-con e-parent\" data-id=\"2a7140db\" data-element_type=\"container\" data-settings=\"{&quot;background_background&quot;:&quot;classic&quot;}\">\r\n\t\t<div class=\"elementor-element elementor-element-7509bd19 e-con-full e-flex e-con e-child\" data-id=\"7509bd19\" data-element_type=\"container\">\r\n\t\t\t\t<div class=\"elementor-element elementor-element-1eae6165 elementor-widget elementor-widget-text-editor\" data-id=\"1eae6165\" data-element_type=\"widget\" data-widget_type=\"text-editor.default\">\n\t\t\t\t<div class=\"elementor-widget-container\">\n\t\t\t\t\t\t\t<p><span style=\"font-size: 20px;\"><strong>Tank izolasyonu<\/strong>, genellikle kimyasal maddeler, petrol \u00fcr\u00fcnleri veya su depolamak i\u00e7in kullan\u0131lan tanklar\u0131n korunmas\u0131 amac\u0131yla yap\u0131l\u0131r. Poli\u00fcretan malzeme ile yap\u0131lan izolasyon, tank\u0131n i\u00e7indeki s\u0131v\u0131lar\u0131n s\u0131cakl\u0131\u011f\u0131n\u0131 sabit tutarak, enerji kayb\u0131n\u0131 \u00f6nler ve i\u00e7erideki maddenin kalitesini korur. Ayr\u0131ca, bu izolasyon t\u00fcr\u00fc, d\u0131\u015f ortamdan gelen \u0131s\u0131ya ve so\u011fu\u011fa kar\u015f\u0131 bir bariyer olu\u015fturarak tank\u0131n yap\u0131s\u0131n\u0131 korur ve uzun \u00f6m\u00fcrl\u00fc olmas\u0131n\u0131 sa\u011flar.<\/span><\/p><p><span style=\"font-size: 20px;\"><strong>Ambalaj izolasyonu<\/strong> ise ta\u015f\u0131nan ya da depolanan \u00fcr\u00fcnlerin d\u0131\u015f etkenlerden korunmas\u0131 i\u00e7in geli\u015ftirilmi\u015ftir. \u00d6zellikle hassas \u00fcr\u00fcnlerin g\u00fcvenli bir \u015fekilde ta\u015f\u0131nmas\u0131 ve saklanmas\u0131 i\u00e7in ambalaj izolasyonu hayati bir rol oynar. Poli\u00fcretan k\u00f6p\u00fck ile yap\u0131lan ambalaj izolasyonu, darbelere ve titre\u015fimlere kar\u015f\u0131 \u00fcst\u00fcn koruma sa\u011flarken, ayn\u0131 zamanda s\u0131cakl\u0131k de\u011fi\u015fimlerine kar\u015f\u0131 da etkili bir bariyer olu\u015fturur.<\/span><\/p>\t\t\t\t\t\t<\/div>\n\t\t\t\t<\/div>\n\t\t\t\t<\/div>\n\t\t<div class=\"elementor-element elementor-element-1819c258 e-con-full e-flex e-con e-child\" data-id=\"1819c258\" data-element_type=\"container\">\r\n\t\t\t\t<div class=\"elementor-element elementor-element-737c840d elementor-widget elementor-widget-image\" data-id=\"737c840d\" data-element_type=\"widget\" data-widget_type=\"image.default\">\n\t\t\t\t<div class=\"elementor-widget-container\">\n\t\t\t\t\t\t\t\t\t\t\t\t\t<img decoding=\"async\" width=\"1024\" height=\"1024\" src=\"https:\/\/www.izoisipol.com\/wp-content\/uploads\/2024\/08\/8.png\" class=\"attachment-large size-large wp-image-4470\" alt=\"\" srcset=\"https:\/\/www.izoisipol.com\/wp-content\/uploads\/2024\/08\/8.png 1024w, https:\/\/www.izoisipol.com\/wp-content\/uploads\/2024\/08\/8-768x768.png 768w, https:\/\/www.izoisipol.com\/wp-content\/uploads\/2024\/08\/8-640x640.png 640w, https:\/\/www.izoisipol.com\/wp-content\/uploads\/2024\/08\/8-400x400.png 400w, https:\/\/www.izoisipol.com\/wp-content\/uploads\/2024\/08\/8-560x560.png 560w, https:\/\/www.izoisipol.com\/wp-content\/uploads\/2024\/08\/8-367x367.png 367w\" sizes=\"(max-width: 1024px) 100vw, 1024px\" \/>\t\t\t\t\t\t\t\t\t\t\t\t\t<\/div>\n\t\t\t\t<\/div>\n\t\t\t\t<\/div>\n\t\t\t\t<\/div>\n\t\t\t\t<\/div>\n\t\t","protected":false},"excerpt":{"rendered":"<p>BORU, TANK, AMBALAJ \u0130ZOLASYON Boru, tank, ve ambalaj izolasyonu, end\u00fcstriyel alanlarda enerji verimlili\u011fi, g\u00fcvenlik ve s\u00fcrd\u00fcr\u00fclebilirlik a\u00e7\u0131s\u0131ndan b\u00fcy\u00fck \u00f6nem ta\u015f\u0131r. \u0130zolasyon \u00e7\u00f6z\u00fcmleri, \u00f6zellikle boru, tank ve ambalaj gibi \u0131s\u0131 kayb\u0131na, d\u0131\u015f etkenlere ve mekanik hasara kar\u015f\u0131 savunmas\u0131z olan yap\u0131lar\u0131n korunmas\u0131 i\u00e7in kritik bir rol oynar. Boru izolasyonu, end\u00fcstriyel tesislerde s\u0131v\u0131 ve gaz ta\u015f\u0131yan boru hatlar\u0131n\u0131n [&hellip;]<\/p>\n","protected":false},"author":1,"featured_media":0,"parent":0,"menu_order":0,"comment_status":"closed","ping_status":"closed","template":"","meta":{"_monsterinsights_skip_tracking":false,"_monsterinsights_sitenote_active":false,"_monsterinsights_sitenote_note":"","_monsterinsights_sitenote_category":0,"footnotes":""},"class_list":["post-4467","page","type-page","status-publish","hentry"],"_links":{"self":[{"href":"https:\/\/www.izoisipol.com\/index.php\/wp-json\/wp\/v2\/pages\/4467","targetHints":{"allow":["GET"]}}],"collection":[{"href":"https:\/\/www.izoisipol.com\/index.php\/wp-json\/wp\/v2\/pages"}],"about":[{"href":"https:\/\/www.izoisipol.com\/index.php\/wp-json\/wp\/v2\/types\/page"}],"author":[{"embeddable":true,"href":"https:\/\/www.izoisipol.com\/index.php\/wp-json\/wp\/v2\/users\/1"}],"replies":[{"embeddable":true,"href":"https:\/\/www.izoisipol.com\/index.php\/wp-json\/wp\/v2\/comments?post=4467"}],"version-history":[{"count":10,"href":"https:\/\/www.izoisipol.com\/index.php\/wp-json\/wp\/v2\/pages\/4467\/revisions"}],"predecessor-version":[{"id":4596,"href":"https:\/\/www.izoisipol.com\/index.php\/wp-json\/wp\/v2\/pages\/4467\/revisions\/4596"}],"wp:attachment":[{"href":"https:\/\/www.izoisipol.com\/index.php\/wp-json\/wp\/v2\/media?parent=4467"}],"curies":[{"name":"wp","href":"https:\/\/api.w.org\/{rel}","templated":true}]}}