{"id":4492,"date":"2024-08-21T11:12:13","date_gmt":"2024-08-21T11:12:13","guid":{"rendered":"https:\/\/izoisipol.com\/?page_id=4492"},"modified":"2024-08-21T18:04:18","modified_gmt":"2024-08-21T18:04:18","slug":"cami-kubbe-izolasyonu","status":"publish","type":"page","link":"https:\/\/www.izoisipol.com\/index.php\/cami-kubbe-izolasyonu\/","title":{"rendered":"CAM\u0130 KUBBE \u0130ZOLASYONU"},"content":{"rendered":"\t\t<div data-elementor-type=\"wp-page\" data-elementor-id=\"4492\" class=\"elementor elementor-4492\" data-elementor-post-type=\"page\">\n\t\t\t\t<div class=\"elementor-element elementor-element-6e159fc5 e-con-full e-flex e-con e-parent\" data-id=\"6e159fc5\" data-element_type=\"container\" data-settings=\"{&quot;background_background&quot;:&quot;classic&quot;}\">\r\n\t\t<div class=\"elementor-element elementor-element-7a7185e0 e-con-full e-flex e-con e-child\" data-id=\"7a7185e0\" data-element_type=\"container\">\r\n\t\t\t\t<div class=\"elementor-element elementor-element-68621f8b elementor-widget elementor-widget-heading\" data-id=\"68621f8b\" data-element_type=\"widget\" data-widget_type=\"heading.default\">\n\t\t\t\t<div class=\"elementor-widget-container\">\n\t\t\t<h1 class=\"elementor-heading-title elementor-size-default\">CAM\u0130 KUBBE \u0130ZOLASYONU<\/h1>\t\t<\/div>\n\t\t\t\t<\/div>\n\t\t\t\t<\/div>\n\t\t\t\t<\/div>\n\t\t<div class=\"elementor-element elementor-element-7ea1b70 e-con-full e-flex e-con e-parent\" data-id=\"7ea1b70\" data-element_type=\"container\" data-settings=\"{&quot;background_background&quot;:&quot;classic&quot;}\">\r\n\t\t<div class=\"elementor-element elementor-element-11308020 e-con-full e-flex e-con e-child\" data-id=\"11308020\" data-element_type=\"container\">\r\n\t\t\t\t<div class=\"elementor-element elementor-element-68c23f54 elementor-widget elementor-widget-text-editor\" data-id=\"68c23f54\" data-element_type=\"widget\" data-widget_type=\"text-editor.default\">\n\t\t\t\t<div class=\"elementor-widget-container\">\n\t\t\t\t\t\t\t<p><span style=\"font-size: 20px;\">Cami kubbeleri, mimarinin en etkileyici unsurlar\u0131ndan biri olarak sadece estetik bir de\u011fer ta\u015f\u0131maz, ayn\u0131 zamanda yap\u0131n\u0131n genel dayan\u0131kl\u0131l\u0131\u011f\u0131 ve enerji verimlili\u011fi a\u00e7\u0131s\u0131ndan da b\u00fcy\u00fck \u00f6nem ta\u015f\u0131r. \u0130zo\u0131s\u0131pol olarak sundu\u011fumuz cami kubbe izolasyonu hizmeti, bu \u00f6nemli yap\u0131sal unsurlar\u0131n korunmas\u0131na ve geli\u015ftirilmesine katk\u0131da bulunur. Polyuretan uygulama alan\u0131ndaki uzmanl\u0131\u011f\u0131m\u0131z ve yerli \u00fcretim malzemelerimizle, cami kubbelerinde \u00fcst\u00fcn \u0131s\u0131, ses ve su yal\u0131t\u0131m\u0131 sa\u011fl\u0131yoruz.<\/span><\/p><p><span style=\"font-size: 20px;\">Cami kubbeleri, geni\u015f y\u00fczey alanlar\u0131 ve y\u00fcksek tavan yap\u0131lar\u0131 nedeniyle \u0131s\u0131 kay\u0131plar\u0131na olduk\u00e7a a\u00e7\u0131kt\u0131r. Bu kay\u0131plar, \u00f6zellikle k\u0131\u015f aylar\u0131nda caminin \u0131s\u0131nma maliyetlerini ciddi \u00f6l\u00e7\u00fcde art\u0131rabilir. Ayn\u0131 zamanda, yaz aylar\u0131nda ise fazla \u0131s\u0131nma sorunu ya\u015fanabilir. Bu sebeple, cami kubbe izolasyonu, hem enerji tasarrufu sa\u011flamak hem de ibadet edenlerin konforunu art\u0131rmak ad\u0131na kritik bir ad\u0131md\u0131r.\u00a0<\/span><\/p>\t\t\t\t\t\t<\/div>\n\t\t\t\t<\/div>\n\t\t\t\t<\/div>\n\t\t<div class=\"elementor-element elementor-element-3f0c2eb4 e-con-full e-flex e-con e-child\" data-id=\"3f0c2eb4\" data-element_type=\"container\">\r\n\t\t\t\t<div class=\"elementor-element elementor-element-7b2cb8e1 elementor-widget elementor-widget-image\" data-id=\"7b2cb8e1\" data-element_type=\"widget\" data-widget_type=\"image.default\">\n\t\t\t\t<div class=\"elementor-widget-container\">\n\t\t\t\t\t\t\t\t\t\t\t\t\t<img fetchpriority=\"high\" decoding=\"async\" width=\"1024\" height=\"1024\" src=\"https:\/\/www.izoisipol.com\/wp-content\/uploads\/2022\/03\/10.png\" class=\"attachment-large size-large wp-image-4495\" alt=\"\" srcset=\"https:\/\/www.izoisipol.com\/wp-content\/uploads\/2022\/03\/10.png 1024w, https:\/\/www.izoisipol.com\/wp-content\/uploads\/2022\/03\/10-768x768.png 768w, https:\/\/www.izoisipol.com\/wp-content\/uploads\/2022\/03\/10-640x640.png 640w, https:\/\/www.izoisipol.com\/wp-content\/uploads\/2022\/03\/10-400x400.png 400w, https:\/\/www.izoisipol.com\/wp-content\/uploads\/2022\/03\/10-560x560.png 560w, https:\/\/www.izoisipol.com\/wp-content\/uploads\/2022\/03\/10-367x367.png 367w\" sizes=\"(max-width: 1024px) 100vw, 1024px\" \/>\t\t\t\t\t\t\t\t\t\t\t\t\t<\/div>\n\t\t\t\t<\/div>\n\t\t\t\t<\/div>\n\t\t\t\t<\/div>\n\t\t<div class=\"elementor-element elementor-element-2a7140db e-con-full e-flex e-con e-parent\" data-id=\"2a7140db\" data-element_type=\"container\" data-settings=\"{&quot;background_background&quot;:&quot;classic&quot;}\">\r\n\t\t<div class=\"elementor-element elementor-element-7509bd19 e-con-full e-flex e-con e-child\" data-id=\"7509bd19\" data-element_type=\"container\">\r\n\t\t\t\t<div class=\"elementor-element elementor-element-1eae6165 elementor-widget elementor-widget-text-editor\" data-id=\"1eae6165\" data-element_type=\"widget\" data-widget_type=\"text-editor.default\">\n\t\t\t\t<div class=\"elementor-widget-container\">\n\t\t\t\t\t\t\t<p><span style=\"font-size: 20px;\">Cami kubbeleri, akustik \u00f6zellikleriyle de \u00f6ne \u00e7\u0131kar. Do\u011fru bir izolasyon uygulamas\u0131, cami i\u00e7indeki seslerin yank\u0131lanmas\u0131n\u0131 optimize ederek, ibadet s\u0131ras\u0131nda huzur dolu bir ortam sunar. Polyuretan k\u00f6p\u00fck, y\u00fcksek ses yal\u0131t\u0131m kapasitesi ile bu alanda da m\u00fckemmel sonu\u00e7lar verir. Ayr\u0131ca, cami kubbesinin d\u0131\u015f y\u00fczeyinde olu\u015fabilecek su s\u0131zmalar\u0131 ve nem problemleri de polyuretan su yal\u0131t\u0131m\u0131 sayesinde minimuma indirilir.<\/span><\/p><p><span style=\"font-size: 20px;\">\u0130zo\u0131s\u0131pol olarak, cami kubbe izolasyonu hizmetimizde kalite ve g\u00fcvenilirli\u011fi \u00f6n planda tutuyoruz. Tecr\u00fcbeli teknik ekibimiz, her projeye \u00f6zel detayl\u0131 saha ara\u015ft\u0131rmas\u0131 yaparak, en uygun izolasyon plan\u0131n\u0131 geli\u015ftirir. Bu sayede, cami kubbesinin uzun \u00f6m\u00fcrl\u00fc ve dayan\u0131kl\u0131 kalmas\u0131 sa\u011flan\u0131r. Yerli \u00fcretim ve tamamen sa\u011fl\u0131kl\u0131 malzemelerle ger\u00e7ekle\u015ftirdi\u011fimiz izolasyon uygulamalar\u0131m\u0131z, \u00e7evre dostu ve s\u00fcrd\u00fcr\u00fclebilir bir \u00e7\u00f6z\u00fcm sunar.<\/span><\/p>\t\t\t\t\t\t<\/div>\n\t\t\t\t<\/div>\n\t\t\t\t<\/div>\n\t\t<div class=\"elementor-element elementor-element-1819c258 e-con-full e-flex e-con e-child\" data-id=\"1819c258\" data-element_type=\"container\">\r\n\t\t\t\t<div class=\"elementor-element elementor-element-737c840d elementor-widget elementor-widget-image\" data-id=\"737c840d\" data-element_type=\"widget\" data-widget_type=\"image.default\">\n\t\t\t\t<div class=\"elementor-widget-container\">\n\t\t\t\t\t\t\t\t\t\t\t\t\t<img decoding=\"async\" width=\"1024\" height=\"1024\" src=\"https:\/\/www.izoisipol.com\/wp-content\/uploads\/2022\/03\/9.png\" class=\"attachment-large size-large wp-image-4494\" alt=\"\" srcset=\"https:\/\/www.izoisipol.com\/wp-content\/uploads\/2022\/03\/9.png 1024w, https:\/\/www.izoisipol.com\/wp-content\/uploads\/2022\/03\/9-768x768.png 768w, https:\/\/www.izoisipol.com\/wp-content\/uploads\/2022\/03\/9-640x640.png 640w, https:\/\/www.izoisipol.com\/wp-content\/uploads\/2022\/03\/9-400x400.png 400w, https:\/\/www.izoisipol.com\/wp-content\/uploads\/2022\/03\/9-560x560.png 560w, https:\/\/www.izoisipol.com\/wp-content\/uploads\/2022\/03\/9-367x367.png 367w\" sizes=\"(max-width: 1024px) 100vw, 1024px\" \/>\t\t\t\t\t\t\t\t\t\t\t\t\t<\/div>\n\t\t\t\t<\/div>\n\t\t\t\t<\/div>\n\t\t\t\t<\/div>\n\t\t\t\t<\/div>\n\t\t","protected":false},"excerpt":{"rendered":"<p>CAM\u0130 KUBBE \u0130ZOLASYONU Cami kubbeleri, mimarinin en etkileyici unsurlar\u0131ndan biri olarak sadece estetik bir de\u011fer ta\u015f\u0131maz, ayn\u0131 zamanda yap\u0131n\u0131n genel dayan\u0131kl\u0131l\u0131\u011f\u0131 ve enerji verimlili\u011fi a\u00e7\u0131s\u0131ndan da b\u00fcy\u00fck \u00f6nem ta\u015f\u0131r. \u0130zo\u0131s\u0131pol olarak sundu\u011fumuz cami kubbe izolasyonu hizmeti, bu \u00f6nemli yap\u0131sal unsurlar\u0131n korunmas\u0131na ve geli\u015ftirilmesine katk\u0131da bulunur. Polyuretan uygulama alan\u0131ndaki uzmanl\u0131\u011f\u0131m\u0131z ve yerli \u00fcretim malzemelerimizle, cami kubbelerinde [&hellip;]<\/p>\n","protected":false},"author":1,"featured_media":0,"parent":0,"menu_order":0,"comment_status":"closed","ping_status":"closed","template":"","meta":{"_monsterinsights_skip_tracking":false,"_monsterinsights_sitenote_active":false,"_monsterinsights_sitenote_note":"","_monsterinsights_sitenote_category":0,"footnotes":""},"class_list":["post-4492","page","type-page","status-publish","hentry"],"_links":{"self":[{"href":"https:\/\/www.izoisipol.com\/index.php\/wp-json\/wp\/v2\/pages\/4492","targetHints":{"allow":["GET"]}}],"collection":[{"href":"https:\/\/www.izoisipol.com\/index.php\/wp-json\/wp\/v2\/pages"}],"about":[{"href":"https:\/\/www.izoisipol.com\/index.php\/wp-json\/wp\/v2\/types\/page"}],"author":[{"embeddable":true,"href":"https:\/\/www.izoisipol.com\/index.php\/wp-json\/wp\/v2\/users\/1"}],"replies":[{"embeddable":true,"href":"https:\/\/www.izoisipol.com\/index.php\/wp-json\/wp\/v2\/comments?post=4492"}],"version-history":[{"count":7,"href":"https:\/\/www.izoisipol.com\/index.php\/wp-json\/wp\/v2\/pages\/4492\/revisions"}],"predecessor-version":[{"id":4599,"href":"https:\/\/www.izoisipol.com\/index.php\/wp-json\/wp\/v2\/pages\/4492\/revisions\/4599"}],"wp:attachment":[{"href":"https:\/\/www.izoisipol.com\/index.php\/wp-json\/wp\/v2\/media?parent=4492"}],"curies":[{"name":"wp","href":"https:\/\/api.w.org\/{rel}","templated":true}]}}