{"id":4502,"date":"2024-08-21T11:19:25","date_gmt":"2024-08-21T11:19:25","guid":{"rendered":"https:\/\/izoisipol.com\/?page_id=4502"},"modified":"2024-08-21T18:06:06","modified_gmt":"2024-08-21T18:06:06","slug":"cati-yalitim","status":"publish","type":"page","link":"https:\/\/www.izoisipol.com\/index.php\/cati-yalitim\/","title":{"rendered":"\u00c7ATI YALITIM"},"content":{"rendered":"\t\t<div data-elementor-type=\"wp-page\" data-elementor-id=\"4502\" class=\"elementor elementor-4502\" data-elementor-post-type=\"page\">\n\t\t\t\t<div class=\"elementor-element elementor-element-6e159fc5 e-con-full e-flex e-con e-parent\" data-id=\"6e159fc5\" data-element_type=\"container\" data-settings=\"{&quot;background_background&quot;:&quot;classic&quot;}\">\r\n\t\t<div class=\"elementor-element elementor-element-7a7185e0 e-con-full e-flex e-con e-child\" data-id=\"7a7185e0\" data-element_type=\"container\">\r\n\t\t\t\t<div class=\"elementor-element elementor-element-68621f8b elementor-widget elementor-widget-heading\" data-id=\"68621f8b\" data-element_type=\"widget\" data-widget_type=\"heading.default\">\n\t\t\t\t<div class=\"elementor-widget-container\">\n\t\t\t<h1 class=\"elementor-heading-title elementor-size-default\">\u00c7ATI YALITIM<\/h1>\t\t<\/div>\n\t\t\t\t<\/div>\n\t\t\t\t<\/div>\n\t\t\t\t<\/div>\n\t\t<div class=\"elementor-element elementor-element-7ea1b70 e-con-full e-flex e-con e-parent\" data-id=\"7ea1b70\" data-element_type=\"container\" data-settings=\"{&quot;background_background&quot;:&quot;classic&quot;}\">\r\n\t\t<div class=\"elementor-element elementor-element-11308020 e-con-full e-flex e-con e-child\" data-id=\"11308020\" data-element_type=\"container\">\r\n\t\t\t\t<div class=\"elementor-element elementor-element-68c23f54 elementor-widget elementor-widget-text-editor\" data-id=\"68c23f54\" data-element_type=\"widget\" data-widget_type=\"text-editor.default\">\n\t\t\t\t<div class=\"elementor-widget-container\">\n\t\t\t\t\t\t\t<p><span style=\"font-size: 20px;\">\u00f6m\u00fcrl\u00fc, y\u00fcksek performansl\u0131 ve \u00e7evre dostu \u00e7\u00f6z\u00fcmler sunuyoruz. Poly\u00fcretan yal\u0131t\u0131m malzemeleri kullanarak ger\u00e7ekle\u015ftirdi\u011fimiz uygulamalar, \u00e7at\u0131larda \u00fcst\u00fcn \u0131s\u0131 yal\u0131t\u0131m\u0131 sa\u011flarken ayn\u0131 zamanda ses ve su yal\u0131t\u0131m\u0131nda da etkili bir koruma sunar.<\/span><\/p><p><span style=\"font-size: 20px;\">Poly\u00fcretan \u00e7at\u0131 yal\u0131t\u0131m\u0131, \u00f6zellikle so\u011fuk ve s\u0131cak iklimlerde, enerji maliyetlerini \u00f6nemli \u00f6l\u00e7\u00fcde azaltarak b\u00fct\u00e7enize katk\u0131 sa\u011flar. Is\u0131 k\u00f6pr\u00fclerini engelleyen, tamamen yerli ve sa\u011fl\u0131kl\u0131 malzemelerimiz sayesinde, binalar\u0131n\u0131zda y\u0131l boyunca sabit bir s\u0131cakl\u0131k elde edersiniz. \u00c7at\u0131 yal\u0131t\u0131m\u0131, yaln\u0131zca enerji tasarrufu sa\u011flamakla kalmaz, ayn\u0131 zamanda binan\u0131n \u00f6mr\u00fcn\u00fc uzatarak yap\u0131lar\u0131n de\u011ferini art\u0131r\u0131r.<\/span><\/p>\t\t\t\t\t\t<\/div>\n\t\t\t\t<\/div>\n\t\t\t\t<\/div>\n\t\t<div class=\"elementor-element elementor-element-3f0c2eb4 e-con-full e-flex e-con e-child\" data-id=\"3f0c2eb4\" data-element_type=\"container\">\r\n\t\t\t\t<div class=\"elementor-element elementor-element-7b2cb8e1 elementor-widget elementor-widget-image\" data-id=\"7b2cb8e1\" data-element_type=\"widget\" data-widget_type=\"image.default\">\n\t\t\t\t<div class=\"elementor-widget-container\">\n\t\t\t\t\t\t\t\t\t\t\t\t\t<img fetchpriority=\"high\" decoding=\"async\" width=\"1024\" height=\"1024\" src=\"https:\/\/www.izoisipol.com\/wp-content\/uploads\/2022\/03\/11.png\" class=\"attachment-large size-large wp-image-4504\" alt=\"\" srcset=\"https:\/\/www.izoisipol.com\/wp-content\/uploads\/2022\/03\/11.png 1024w, https:\/\/www.izoisipol.com\/wp-content\/uploads\/2022\/03\/11-768x768.png 768w, https:\/\/www.izoisipol.com\/wp-content\/uploads\/2022\/03\/11-640x640.png 640w, https:\/\/www.izoisipol.com\/wp-content\/uploads\/2022\/03\/11-400x400.png 400w, https:\/\/www.izoisipol.com\/wp-content\/uploads\/2022\/03\/11-560x560.png 560w, https:\/\/www.izoisipol.com\/wp-content\/uploads\/2022\/03\/11-367x367.png 367w\" sizes=\"(max-width: 1024px) 100vw, 1024px\" \/>\t\t\t\t\t\t\t\t\t\t\t\t\t<\/div>\n\t\t\t\t<\/div>\n\t\t\t\t<\/div>\n\t\t\t\t<\/div>\n\t\t<div class=\"elementor-element elementor-element-2a7140db e-con-full e-flex e-con e-parent\" data-id=\"2a7140db\" data-element_type=\"container\" data-settings=\"{&quot;background_background&quot;:&quot;classic&quot;}\">\r\n\t\t<div class=\"elementor-element elementor-element-7509bd19 e-con-full e-flex e-con e-child\" data-id=\"7509bd19\" data-element_type=\"container\">\r\n\t\t\t\t<div class=\"elementor-element elementor-element-1eae6165 elementor-widget elementor-widget-text-editor\" data-id=\"1eae6165\" data-element_type=\"widget\" data-widget_type=\"text-editor.default\">\n\t\t\t\t<div class=\"elementor-widget-container\">\n\t\t\t\t\t\t\t<p><span style=\"font-size: 20px;\">\u0130zo\u0131s\u0131pol olarak, \u00e7at\u0131 yal\u0131t\u0131m\u0131nda yenilik\u00e7i \u00e7\u00f6z\u00fcmler sunuyoruz. Ah\u015fap ters tavan uygulamalar\u0131ndan, trapez sac yal\u0131t\u0131m\u0131na kadar geni\u015f bir yelpazede hizmet veriyoruz. Uzman teknik ekibimiz, sahada yapt\u0131\u011f\u0131 detayl\u0131 ara\u015ft\u0131rmalarla en uygun yal\u0131t\u0131m \u00e7\u00f6z\u00fcmlerini belirleyip, h\u0131zl\u0131 ve y\u00fcksek kaliteli uygulamalar ger\u00e7ekle\u015ftirir. M\u00fc\u015fteri memnuniyetini \u00f6n planda tutarak, en y\u00fcksek standartlarda \u00e7at\u0131 yal\u0131t\u0131m\u0131 hizmeti sunmak i\u00e7in \u00e7al\u0131\u015f\u0131yoruz.<\/span><\/p><p><span style=\"font-size: 20px;\">Poly\u00fcretan k\u00f6p\u00fck yal\u0131t\u0131m ve su yal\u0131t\u0131m\u0131, \u00e7at\u0131lar\u0131n su s\u0131z\u0131nt\u0131lar\u0131na ve d\u0131\u015f etkenlere kar\u015f\u0131 dayan\u0131kl\u0131l\u0131\u011f\u0131n\u0131 art\u0131r\u0131r. Bu uygulamalar sayesinde \u00e7at\u0131n\u0131z\u0131n \u00f6mr\u00fc uzar, bina i\u00e7erisindeki s\u0131cakl\u0131k dengesi korunur ve nem problemi ortadan kalkar. Ayr\u0131ca, ses yal\u0131t\u0131m\u0131 \u00f6zelli\u011fi ile g\u00fcr\u00fclt\u00fcy\u00fc minimuma indirir, b\u00f6ylece daha sakin ve huzurlu bir ya\u015fam alan\u0131 sa\u011flar.<\/span><\/p>\t\t\t\t\t\t<\/div>\n\t\t\t\t<\/div>\n\t\t\t\t<\/div>\n\t\t<div class=\"elementor-element elementor-element-1819c258 e-con-full e-flex e-con e-child\" data-id=\"1819c258\" data-element_type=\"container\">\r\n\t\t\t\t<div class=\"elementor-element elementor-element-737c840d elementor-widget elementor-widget-image\" data-id=\"737c840d\" data-element_type=\"widget\" data-widget_type=\"image.default\">\n\t\t\t\t<div class=\"elementor-widget-container\">\n\t\t\t\t\t\t\t\t\t\t\t\t\t<img decoding=\"async\" width=\"1024\" height=\"1024\" src=\"https:\/\/www.izoisipol.com\/wp-content\/uploads\/2022\/03\/12.png\" class=\"attachment-large size-large wp-image-4505\" alt=\"\" srcset=\"https:\/\/www.izoisipol.com\/wp-content\/uploads\/2022\/03\/12.png 1024w, https:\/\/www.izoisipol.com\/wp-content\/uploads\/2022\/03\/12-768x768.png 768w, https:\/\/www.izoisipol.com\/wp-content\/uploads\/2022\/03\/12-640x640.png 640w, https:\/\/www.izoisipol.com\/wp-content\/uploads\/2022\/03\/12-400x400.png 400w, https:\/\/www.izoisipol.com\/wp-content\/uploads\/2022\/03\/12-560x560.png 560w, https:\/\/www.izoisipol.com\/wp-content\/uploads\/2022\/03\/12-367x367.png 367w\" sizes=\"(max-width: 1024px) 100vw, 1024px\" \/>\t\t\t\t\t\t\t\t\t\t\t\t\t<\/div>\n\t\t\t\t<\/div>\n\t\t\t\t<\/div>\n\t\t\t\t<\/div>\n\t\t\t\t<\/div>\n\t\t","protected":false},"excerpt":{"rendered":"<p>\u00c7ATI YALITIM \u00f6m\u00fcrl\u00fc, y\u00fcksek performansl\u0131 ve \u00e7evre dostu \u00e7\u00f6z\u00fcmler sunuyoruz. Poly\u00fcretan yal\u0131t\u0131m malzemeleri kullanarak ger\u00e7ekle\u015ftirdi\u011fimiz uygulamalar, \u00e7at\u0131larda \u00fcst\u00fcn \u0131s\u0131 yal\u0131t\u0131m\u0131 sa\u011flarken ayn\u0131 zamanda ses ve su yal\u0131t\u0131m\u0131nda da etkili bir koruma sunar. Poly\u00fcretan \u00e7at\u0131 yal\u0131t\u0131m\u0131, \u00f6zellikle so\u011fuk ve s\u0131cak iklimlerde, enerji maliyetlerini \u00f6nemli \u00f6l\u00e7\u00fcde azaltarak b\u00fct\u00e7enize katk\u0131 sa\u011flar. Is\u0131 k\u00f6pr\u00fclerini engelleyen, tamamen yerli ve sa\u011fl\u0131kl\u0131 [&hellip;]<\/p>\n","protected":false},"author":1,"featured_media":0,"parent":0,"menu_order":0,"comment_status":"closed","ping_status":"closed","template":"","meta":{"_monsterinsights_skip_tracking":false,"_monsterinsights_sitenote_active":false,"_monsterinsights_sitenote_note":"","_monsterinsights_sitenote_category":0,"footnotes":""},"class_list":["post-4502","page","type-page","status-publish","hentry"],"_links":{"self":[{"href":"https:\/\/www.izoisipol.com\/index.php\/wp-json\/wp\/v2\/pages\/4502","targetHints":{"allow":["GET"]}}],"collection":[{"href":"https:\/\/www.izoisipol.com\/index.php\/wp-json\/wp\/v2\/pages"}],"about":[{"href":"https:\/\/www.izoisipol.com\/index.php\/wp-json\/wp\/v2\/types\/page"}],"author":[{"embeddable":true,"href":"https:\/\/www.izoisipol.com\/index.php\/wp-json\/wp\/v2\/users\/1"}],"replies":[{"embeddable":true,"href":"https:\/\/www.izoisipol.com\/index.php\/wp-json\/wp\/v2\/comments?post=4502"}],"version-history":[{"count":7,"href":"https:\/\/www.izoisipol.com\/index.php\/wp-json\/wp\/v2\/pages\/4502\/revisions"}],"predecessor-version":[{"id":4602,"href":"https:\/\/www.izoisipol.com\/index.php\/wp-json\/wp\/v2\/pages\/4502\/revisions\/4602"}],"wp:attachment":[{"href":"https:\/\/www.izoisipol.com\/index.php\/wp-json\/wp\/v2\/media?parent=4502"}],"curies":[{"name":"wp","href":"https:\/\/api.w.org\/{rel}","templated":true}]}}