{"id":4512,"date":"2024-08-21T16:37:22","date_gmt":"2024-08-21T16:37:22","guid":{"rendered":"https:\/\/izoisipol.com\/?page_id=4512"},"modified":"2024-08-21T18:08:20","modified_gmt":"2024-08-21T18:08:20","slug":"endustriyel-bina-cati-izolasyonu","status":"publish","type":"page","link":"https:\/\/www.izoisipol.com\/index.php\/endustriyel-bina-cati-izolasyonu\/","title":{"rendered":"END\u00dcSTR\u0130YEL B\u0130NA \u00c7ATI \u0130ZOLASYONU"},"content":{"rendered":"\t\t<div data-elementor-type=\"wp-page\" data-elementor-id=\"4512\" class=\"elementor elementor-4512\" data-elementor-post-type=\"page\">\n\t\t\t\t<div class=\"elementor-element elementor-element-6e159fc5 e-con-full e-flex e-con e-parent\" data-id=\"6e159fc5\" data-element_type=\"container\" data-settings=\"{&quot;background_background&quot;:&quot;classic&quot;}\">\r\n\t\t<div class=\"elementor-element elementor-element-7a7185e0 e-con-full e-flex e-con e-child\" data-id=\"7a7185e0\" data-element_type=\"container\">\r\n\t\t\t\t<div class=\"elementor-element elementor-element-68621f8b elementor-widget elementor-widget-heading\" data-id=\"68621f8b\" data-element_type=\"widget\" data-widget_type=\"heading.default\">\n\t\t\t\t<div class=\"elementor-widget-container\">\n\t\t\t<h1 class=\"elementor-heading-title elementor-size-default\">END\u00dcSTR\u0130YEL B\u0130NA \u00c7ATI \u0130ZOLASYONU<\/h1>\t\t<\/div>\n\t\t\t\t<\/div>\n\t\t\t\t<\/div>\n\t\t\t\t<\/div>\n\t\t<div class=\"elementor-element elementor-element-7ea1b70 e-con-full e-flex e-con e-parent\" data-id=\"7ea1b70\" data-element_type=\"container\" data-settings=\"{&quot;background_background&quot;:&quot;classic&quot;}\">\r\n\t\t<div class=\"elementor-element elementor-element-11308020 e-con-full e-flex e-con e-child\" data-id=\"11308020\" data-element_type=\"container\">\r\n\t\t\t\t<div class=\"elementor-element elementor-element-68c23f54 elementor-widget elementor-widget-text-editor\" data-id=\"68c23f54\" data-element_type=\"widget\" data-widget_type=\"text-editor.default\">\n\t\t\t\t<div class=\"elementor-widget-container\">\n\t\t\t\t\t\t\t<p><span style=\"font-size: 20px;\">End\u00fcstriyel binalar\u0131n \u00e7at\u0131 izolasyonu, enerji verimlili\u011fini art\u0131rmak ve yap\u0131 \u00f6mr\u00fcn\u00fc uzatmak i\u00e7in kritik bir \u00f6neme sahiptir. \u0130zo\u0131s\u0131pol olarak, end\u00fcstriyel binalar i\u00e7in \u00e7at\u0131 izolasyonu konusunda uzmanla\u015fm\u0131\u015f bir ekiple hizmet sunuyoruz. Bu alanda uzun y\u0131llara dayanan deneyimimiz, y\u00fcksek kaliteli ve dayan\u0131kl\u0131 \u00e7\u00f6z\u00fcmler \u00fcretmemize olanak tan\u0131yor.<\/span><\/p><p><span style=\"font-size: 20px;\">End\u00fcstriyel bina \u00e7at\u0131 izolasyonu, sadece enerji tasarrufu sa\u011flamakla kalmaz, ayn\u0131 zamanda binan\u0131n i\u00e7 ortam konforunu da art\u0131r\u0131r. \u00d6zellikle b\u00fcy\u00fck \u00fcretim tesisleri, depolar, ve fabrikalar gibi yap\u0131larda, i\u00e7 mek\u00e2n s\u0131cakl\u0131\u011f\u0131n\u0131 dengelemek ve enerji maliyetlerini d\u00fc\u015f\u00fcrmek i\u00e7in do\u011fru izolasyon malzemelerinin kullan\u0131lmas\u0131 gereklidir. \u0130zo\u0131s\u0131pol olarak, tamamen yerli \u00fcretim olan poli\u00fcretan malzemelerle uygulama yaparak, \u0131s\u0131 yal\u0131t\u0131m\u0131, su yal\u0131t\u0131m\u0131 ve ses yal\u0131t\u0131m\u0131n\u0131 tek bir uygulamada sa\u011flamaktay\u0131z.<\/span><\/p>\t\t\t\t\t\t<\/div>\n\t\t\t\t<\/div>\n\t\t\t\t<\/div>\n\t\t<div class=\"elementor-element elementor-element-3f0c2eb4 e-con-full e-flex e-con e-child\" data-id=\"3f0c2eb4\" data-element_type=\"container\">\r\n\t\t\t\t<div class=\"elementor-element elementor-element-7b2cb8e1 elementor-widget elementor-widget-image\" data-id=\"7b2cb8e1\" data-element_type=\"widget\" data-widget_type=\"image.default\">\n\t\t\t\t<div class=\"elementor-widget-container\">\n\t\t\t\t\t\t\t\t\t\t\t\t\t<img fetchpriority=\"high\" decoding=\"async\" width=\"1024\" height=\"1024\" src=\"https:\/\/www.izoisipol.com\/wp-content\/uploads\/2022\/03\/1.png\" class=\"attachment-large size-large wp-image-4514\" alt=\"\" srcset=\"https:\/\/www.izoisipol.com\/wp-content\/uploads\/2022\/03\/1.png 1024w, https:\/\/www.izoisipol.com\/wp-content\/uploads\/2022\/03\/1-768x768.png 768w, https:\/\/www.izoisipol.com\/wp-content\/uploads\/2022\/03\/1-640x640.png 640w, https:\/\/www.izoisipol.com\/wp-content\/uploads\/2022\/03\/1-400x400.png 400w, https:\/\/www.izoisipol.com\/wp-content\/uploads\/2022\/03\/1-560x560.png 560w, https:\/\/www.izoisipol.com\/wp-content\/uploads\/2022\/03\/1-367x367.png 367w\" sizes=\"(max-width: 1024px) 100vw, 1024px\" \/>\t\t\t\t\t\t\t\t\t\t\t\t\t<\/div>\n\t\t\t\t<\/div>\n\t\t\t\t<\/div>\n\t\t\t\t<\/div>\n\t\t<div class=\"elementor-element elementor-element-2a7140db e-con-full e-flex e-con e-parent\" data-id=\"2a7140db\" data-element_type=\"container\" data-settings=\"{&quot;background_background&quot;:&quot;classic&quot;}\">\r\n\t\t<div class=\"elementor-element elementor-element-7509bd19 e-con-full e-flex e-con e-child\" data-id=\"7509bd19\" data-element_type=\"container\">\r\n\t\t\t\t<div class=\"elementor-element elementor-element-1eae6165 elementor-widget elementor-widget-text-editor\" data-id=\"1eae6165\" data-element_type=\"widget\" data-widget_type=\"text-editor.default\">\n\t\t\t\t<div class=\"elementor-widget-container\">\n\t\t\t\t\t\t\t<p><span style=\"font-size: 20px;\">Poli\u00fcretan \u00e7at\u0131 izolasyonu, end\u00fcstriyel yap\u0131larda en \u00e7ok tercih edilen y\u00f6ntemlerden biridir. Bu malzeme, hafif olmas\u0131na ra\u011fmen son derece dayan\u0131kl\u0131d\u0131r ve uzun \u00f6m\u00fcrl\u00fc bir yal\u0131t\u0131m sa\u011flar. Poli\u00fcretan, \u0131s\u0131 k\u00f6pr\u00fclerini en aza indirerek enerji kay\u0131plar\u0131n\u0131 azalt\u0131r ve b\u00f6ylece bina sahiplerine \u00f6nemli maliyet avantajlar\u0131 sunar. Ayn\u0131 zamanda su ge\u00e7irmez \u00f6zellikleri ile \u00e7at\u0131y\u0131 d\u0131\u015f etkenlere kar\u015f\u0131 korur, k\u00fcf ve mantar olu\u015fumunu engeller.<\/span><\/p><p><span style=\"font-size: 20px;\">End\u00fcstriyel binalarda \u00e7at\u0131 izolasyonu, sadece \u0131s\u0131 yal\u0131t\u0131m\u0131 ile s\u0131n\u0131rl\u0131 kalmaz; yang\u0131na kar\u015f\u0131 diren\u00e7 ve ses yal\u0131t\u0131m\u0131 da sa\u011flar. Bu \u00e7ok y\u00f6nl\u00fc yal\u0131t\u0131m \u00e7\u00f6z\u00fcmleri, hem i\u015f g\u00fcvenli\u011fini art\u0131r\u0131r hem de \u00fcretim ortam\u0131n\u0131n daha verimli olmas\u0131n\u0131 sa\u011flar. \u0130zo\u0131s\u0131pol olarak, m\u00fc\u015fterilerimize en uygun \u00e7\u00f6z\u00fcmleri sunmak i\u00e7in her projeyi detayl\u0131 bir \u015fekilde analiz eder ve en kaliteli hizmeti sunar\u0131z.<\/span><\/p>\t\t\t\t\t\t<\/div>\n\t\t\t\t<\/div>\n\t\t\t\t<\/div>\n\t\t<div class=\"elementor-element elementor-element-1819c258 e-con-full e-flex e-con e-child\" data-id=\"1819c258\" data-element_type=\"container\">\r\n\t\t\t\t<div class=\"elementor-element elementor-element-737c840d elementor-widget elementor-widget-image\" data-id=\"737c840d\" data-element_type=\"widget\" data-widget_type=\"image.default\">\n\t\t\t\t<div class=\"elementor-widget-container\">\n\t\t\t\t\t\t\t\t\t\t\t\t\t<img decoding=\"async\" width=\"1024\" height=\"1024\" src=\"https:\/\/www.izoisipol.com\/wp-content\/uploads\/2024\/08\/2-1.png\" class=\"attachment-large size-large wp-image-4516\" alt=\"\" srcset=\"https:\/\/www.izoisipol.com\/wp-content\/uploads\/2024\/08\/2-1.png 1024w, https:\/\/www.izoisipol.com\/wp-content\/uploads\/2024\/08\/2-1-768x768.png 768w, https:\/\/www.izoisipol.com\/wp-content\/uploads\/2024\/08\/2-1-640x640.png 640w, https:\/\/www.izoisipol.com\/wp-content\/uploads\/2024\/08\/2-1-400x400.png 400w, https:\/\/www.izoisipol.com\/wp-content\/uploads\/2024\/08\/2-1-560x560.png 560w, https:\/\/www.izoisipol.com\/wp-content\/uploads\/2024\/08\/2-1-367x367.png 367w\" sizes=\"(max-width: 1024px) 100vw, 1024px\" \/>\t\t\t\t\t\t\t\t\t\t\t\t\t<\/div>\n\t\t\t\t<\/div>\n\t\t\t\t<\/div>\n\t\t\t\t<\/div>\n\t\t\t\t<\/div>\n\t\t","protected":false},"excerpt":{"rendered":"<p>END\u00dcSTR\u0130YEL B\u0130NA \u00c7ATI \u0130ZOLASYONU End\u00fcstriyel binalar\u0131n \u00e7at\u0131 izolasyonu, enerji verimlili\u011fini art\u0131rmak ve yap\u0131 \u00f6mr\u00fcn\u00fc uzatmak i\u00e7in kritik bir \u00f6neme sahiptir. \u0130zo\u0131s\u0131pol olarak, end\u00fcstriyel binalar i\u00e7in \u00e7at\u0131 izolasyonu konusunda uzmanla\u015fm\u0131\u015f bir ekiple hizmet sunuyoruz. Bu alanda uzun y\u0131llara dayanan deneyimimiz, y\u00fcksek kaliteli ve dayan\u0131kl\u0131 \u00e7\u00f6z\u00fcmler \u00fcretmemize olanak tan\u0131yor. End\u00fcstriyel bina \u00e7at\u0131 izolasyonu, sadece enerji tasarrufu sa\u011flamakla [&hellip;]<\/p>\n","protected":false},"author":1,"featured_media":0,"parent":0,"menu_order":0,"comment_status":"closed","ping_status":"closed","template":"","meta":{"_monsterinsights_skip_tracking":false,"_monsterinsights_sitenote_active":false,"_monsterinsights_sitenote_note":"","_monsterinsights_sitenote_category":0,"footnotes":""},"class_list":["post-4512","page","type-page","status-publish","hentry"],"_links":{"self":[{"href":"https:\/\/www.izoisipol.com\/index.php\/wp-json\/wp\/v2\/pages\/4512","targetHints":{"allow":["GET"]}}],"collection":[{"href":"https:\/\/www.izoisipol.com\/index.php\/wp-json\/wp\/v2\/pages"}],"about":[{"href":"https:\/\/www.izoisipol.com\/index.php\/wp-json\/wp\/v2\/types\/page"}],"author":[{"embeddable":true,"href":"https:\/\/www.izoisipol.com\/index.php\/wp-json\/wp\/v2\/users\/1"}],"replies":[{"embeddable":true,"href":"https:\/\/www.izoisipol.com\/index.php\/wp-json\/wp\/v2\/comments?post=4512"}],"version-history":[{"count":7,"href":"https:\/\/www.izoisipol.com\/index.php\/wp-json\/wp\/v2\/pages\/4512\/revisions"}],"predecessor-version":[{"id":4605,"href":"https:\/\/www.izoisipol.com\/index.php\/wp-json\/wp\/v2\/pages\/4512\/revisions\/4605"}],"wp:attachment":[{"href":"https:\/\/www.izoisipol.com\/index.php\/wp-json\/wp\/v2\/media?parent=4512"}],"curies":[{"name":"wp","href":"https:\/\/api.w.org\/{rel}","templated":true}]}}