{"id":4530,"date":"2024-08-21T17:12:57","date_gmt":"2024-08-21T17:12:57","guid":{"rendered":"https:\/\/izoisipol.com\/?page_id=4530"},"modified":"2024-08-21T18:13:41","modified_gmt":"2024-08-21T18:13:41","slug":"poliuretan-kopuk-izolasyon","status":"publish","type":"page","link":"https:\/\/www.izoisipol.com\/index.php\/poliuretan-kopuk-izolasyon\/","title":{"rendered":"POL\u0130\u00dcRETAN K\u00d6P\u00dcK \u0130ZOLASYON"},"content":{"rendered":"\t\t<div data-elementor-type=\"wp-page\" data-elementor-id=\"4530\" class=\"elementor elementor-4530\" data-elementor-post-type=\"page\">\n\t\t\t\t<div class=\"elementor-element elementor-element-6e159fc5 e-con-full e-flex e-con e-parent\" data-id=\"6e159fc5\" data-element_type=\"container\" data-settings=\"{&quot;background_background&quot;:&quot;classic&quot;}\">\r\n\t\t<div class=\"elementor-element elementor-element-7a7185e0 e-con-full e-flex e-con e-child\" data-id=\"7a7185e0\" data-element_type=\"container\">\r\n\t\t\t\t<div class=\"elementor-element elementor-element-68621f8b elementor-widget elementor-widget-heading\" data-id=\"68621f8b\" data-element_type=\"widget\" data-widget_type=\"heading.default\">\n\t\t\t\t<div class=\"elementor-widget-container\">\n\t\t\t<h1 class=\"elementor-heading-title elementor-size-default\">POL\u0130\u00dcRETAN K\u00d6P\u00dcK \u0130ZOLASYON<\/h1>\t\t<\/div>\n\t\t\t\t<\/div>\n\t\t\t\t<\/div>\n\t\t\t\t<\/div>\n\t\t<div class=\"elementor-element elementor-element-7ea1b70 e-con-full e-flex e-con e-parent\" data-id=\"7ea1b70\" data-element_type=\"container\" data-settings=\"{&quot;background_background&quot;:&quot;classic&quot;}\">\r\n\t\t<div class=\"elementor-element elementor-element-11308020 e-con-full e-flex e-con e-child\" data-id=\"11308020\" data-element_type=\"container\">\r\n\t\t\t\t<div class=\"elementor-element elementor-element-68c23f54 elementor-widget elementor-widget-text-editor\" data-id=\"68c23f54\" data-element_type=\"widget\" data-widget_type=\"text-editor.default\">\n\t\t\t\t<div class=\"elementor-widget-container\">\n\t\t\t\t\t\t\t<p><span style=\"font-size: 20px;\">Poli\u00fcretan k\u00f6p\u00fck izolasyon, g\u00fcn\u00fcm\u00fcz\u00fcn en etkili ve g\u00fcvenilir yal\u0131t\u0131m y\u00f6ntemlerinden biridir. \u00d6zellikle \u0131s\u0131, ses ve su yal\u0131t\u0131m\u0131nda y\u00fcksek performans g\u00f6steren bu y\u00f6ntem, hem enerji verimlili\u011fi sa\u011flamak hem de konforlu bir ya\u015fam alan\u0131 olu\u015fturmak i\u00e7in ideal bir \u00e7\u00f6z\u00fcmd\u00fcr. \u0130zo\u0131s\u0131pol olarak, bu g\u00fc\u00e7l\u00fc yal\u0131t\u0131m malzemesini kullanarak, \u00e7e\u015fitli uygulama alanlar\u0131nda h\u0131zl\u0131 ve kaliteli \u00e7\u00f6z\u00fcmler sunuyoruz.<\/span><\/p><p><span style=\"font-size: 20px;\">Poli\u00fcretan k\u00f6p\u00fck, s\u0131v\u0131 halde uyguland\u0131ktan sonra h\u0131zl\u0131 bir \u015fekilde geni\u015fleyerek t\u00fcm bo\u015fluklar\u0131 doldurur ve b\u00f6ylece y\u00fczeyde m\u00fckemmel bir yal\u0131t\u0131m katman\u0131 olu\u015fturur. Bu \u00f6zelli\u011fi sayesinde, poli\u00fcretan k\u00f6p\u00fck izolasyon, hem yeni yap\u0131 projelerinde hem de mevcut binalarda \u0131s\u0131 ve ses kay\u0131plar\u0131n\u0131 minimize etmek i\u00e7in tercih edilen bir y\u00f6ntemdir.\u00a0<\/span><\/p>\t\t\t\t\t\t<\/div>\n\t\t\t\t<\/div>\n\t\t\t\t<\/div>\n\t\t<div class=\"elementor-element elementor-element-3f0c2eb4 e-con-full e-flex e-con e-child\" data-id=\"3f0c2eb4\" data-element_type=\"container\">\r\n\t\t\t\t<div class=\"elementor-element elementor-element-7b2cb8e1 elementor-widget elementor-widget-image\" data-id=\"7b2cb8e1\" data-element_type=\"widget\" data-widget_type=\"image.default\">\n\t\t\t\t<div class=\"elementor-widget-container\">\n\t\t\t\t\t\t\t\t\t\t\t\t\t<img fetchpriority=\"high\" decoding=\"async\" width=\"1024\" height=\"1024\" src=\"https:\/\/www.izoisipol.com\/wp-content\/uploads\/2022\/03\/6-1.png\" class=\"attachment-large size-large wp-image-4533\" alt=\"\" srcset=\"https:\/\/www.izoisipol.com\/wp-content\/uploads\/2022\/03\/6-1.png 1024w, https:\/\/www.izoisipol.com\/wp-content\/uploads\/2022\/03\/6-1-768x768.png 768w, https:\/\/www.izoisipol.com\/wp-content\/uploads\/2022\/03\/6-1-640x640.png 640w, https:\/\/www.izoisipol.com\/wp-content\/uploads\/2022\/03\/6-1-400x400.png 400w, https:\/\/www.izoisipol.com\/wp-content\/uploads\/2022\/03\/6-1-560x560.png 560w, https:\/\/www.izoisipol.com\/wp-content\/uploads\/2022\/03\/6-1-367x367.png 367w\" sizes=\"(max-width: 1024px) 100vw, 1024px\" \/>\t\t\t\t\t\t\t\t\t\t\t\t\t<\/div>\n\t\t\t\t<\/div>\n\t\t\t\t<\/div>\n\t\t\t\t<\/div>\n\t\t<div class=\"elementor-element elementor-element-2a7140db e-con-full e-flex e-con e-parent\" data-id=\"2a7140db\" data-element_type=\"container\" data-settings=\"{&quot;background_background&quot;:&quot;classic&quot;}\">\r\n\t\t<div class=\"elementor-element elementor-element-7509bd19 e-con-full e-flex e-con e-child\" data-id=\"7509bd19\" data-element_type=\"container\">\r\n\t\t\t\t<div class=\"elementor-element elementor-element-1eae6165 elementor-widget elementor-widget-text-editor\" data-id=\"1eae6165\" data-element_type=\"widget\" data-widget_type=\"text-editor.default\">\n\t\t\t\t<div class=\"elementor-widget-container\">\n\t\t\t\t\t\t\t<p><span style=\"font-size: 20px;\">Poli\u00fcretan k\u00f6p\u00fck izolasyon hizmetimiz, yaln\u0131zca \u0131s\u0131 ve su yal\u0131t\u0131m\u0131 ile s\u0131n\u0131rl\u0131 kalmaz. Ayn\u0131 zamanda ah\u015fap tavan, boru, tank ve ambalaj izolasyonu gibi bir\u00e7ok farkl\u0131 alanda da kullan\u0131labilir. Trapezoidal sac, \u00e7at\u0131 ve i\u00e7-d\u0131\u015f duvar yal\u0131t\u0131m\u0131 gibi spesifik uygulamalarda da m\u00fckemmel sonu\u00e7lar verir. Ayr\u0131ca, poli\u00fcretan su yal\u0131t\u0131m\u0131, suyun yap\u0131 i\u00e7ine s\u0131zmas\u0131n\u0131 \u00f6nleyerek yap\u0131n\u0131n \u00f6mr\u00fcn\u00fc uzat\u0131r ve yap\u0131 sahiplerine uzun vadeli koruma sa\u011flar.<\/span><\/p><p><span style=\"font-size: 20px;\">Yerli \u00fcretim malzemelerle sundu\u011fumuz poli\u00fcretan k\u00f6p\u00fck izolasyon hizmetimiz, %100 sa\u011fl\u0131kl\u0131 ve dayan\u0131kl\u0131d\u0131r. Bu malzemeler, y\u00fcksek performansl\u0131 yal\u0131t\u0131m sa\u011flarken, \u00e7evre dostu yap\u0131lar\u0131 sayesinde do\u011faya zarar vermez. Uzman teknik ekibimizle ger\u00e7ekle\u015ftirdi\u011fimiz detayl\u0131 saha ara\u015ft\u0131rmalar\u0131 sonucunda, m\u00fc\u015fterilerimize en uygun yal\u0131t\u0131m \u00e7\u00f6z\u00fcmlerini sunuyoruz.<\/span><\/p>\t\t\t\t\t\t<\/div>\n\t\t\t\t<\/div>\n\t\t\t\t<\/div>\n\t\t<div class=\"elementor-element elementor-element-1819c258 e-con-full e-flex e-con e-child\" data-id=\"1819c258\" data-element_type=\"container\">\r\n\t\t\t\t<div class=\"elementor-element elementor-element-737c840d elementor-widget elementor-widget-image\" data-id=\"737c840d\" data-element_type=\"widget\" data-widget_type=\"image.default\">\n\t\t\t\t<div class=\"elementor-widget-container\">\n\t\t\t\t\t\t\t\t\t\t\t\t\t<img decoding=\"async\" width=\"1024\" height=\"1024\" src=\"https:\/\/www.izoisipol.com\/wp-content\/uploads\/2022\/03\/5-1.png\" class=\"attachment-large size-large wp-image-4532\" alt=\"\" srcset=\"https:\/\/www.izoisipol.com\/wp-content\/uploads\/2022\/03\/5-1.png 1024w, https:\/\/www.izoisipol.com\/wp-content\/uploads\/2022\/03\/5-1-768x768.png 768w, https:\/\/www.izoisipol.com\/wp-content\/uploads\/2022\/03\/5-1-640x640.png 640w, https:\/\/www.izoisipol.com\/wp-content\/uploads\/2022\/03\/5-1-400x400.png 400w, https:\/\/www.izoisipol.com\/wp-content\/uploads\/2022\/03\/5-1-560x560.png 560w, https:\/\/www.izoisipol.com\/wp-content\/uploads\/2022\/03\/5-1-367x367.png 367w\" sizes=\"(max-width: 1024px) 100vw, 1024px\" \/>\t\t\t\t\t\t\t\t\t\t\t\t\t<\/div>\n\t\t\t\t<\/div>\n\t\t\t\t<\/div>\n\t\t\t\t<\/div>\n\t\t\t\t<\/div>\n\t\t","protected":false},"excerpt":{"rendered":"<p>POL\u0130\u00dcRETAN K\u00d6P\u00dcK \u0130ZOLASYON Poli\u00fcretan k\u00f6p\u00fck izolasyon, g\u00fcn\u00fcm\u00fcz\u00fcn en etkili ve g\u00fcvenilir yal\u0131t\u0131m y\u00f6ntemlerinden biridir. \u00d6zellikle \u0131s\u0131, ses ve su yal\u0131t\u0131m\u0131nda y\u00fcksek performans g\u00f6steren bu y\u00f6ntem, hem enerji verimlili\u011fi sa\u011flamak hem de konforlu bir ya\u015fam alan\u0131 olu\u015fturmak i\u00e7in ideal bir \u00e7\u00f6z\u00fcmd\u00fcr. \u0130zo\u0131s\u0131pol olarak, bu g\u00fc\u00e7l\u00fc yal\u0131t\u0131m malzemesini kullanarak, \u00e7e\u015fitli uygulama alanlar\u0131nda h\u0131zl\u0131 ve kaliteli \u00e7\u00f6z\u00fcmler sunuyoruz. [&hellip;]<\/p>\n","protected":false},"author":1,"featured_media":0,"parent":0,"menu_order":0,"comment_status":"closed","ping_status":"closed","template":"","meta":{"_monsterinsights_skip_tracking":false,"_monsterinsights_sitenote_active":false,"_monsterinsights_sitenote_note":"","_monsterinsights_sitenote_category":0,"footnotes":""},"class_list":["post-4530","page","type-page","status-publish","hentry"],"_links":{"self":[{"href":"https:\/\/www.izoisipol.com\/index.php\/wp-json\/wp\/v2\/pages\/4530","targetHints":{"allow":["GET"]}}],"collection":[{"href":"https:\/\/www.izoisipol.com\/index.php\/wp-json\/wp\/v2\/pages"}],"about":[{"href":"https:\/\/www.izoisipol.com\/index.php\/wp-json\/wp\/v2\/types\/page"}],"author":[{"embeddable":true,"href":"https:\/\/www.izoisipol.com\/index.php\/wp-json\/wp\/v2\/users\/1"}],"replies":[{"embeddable":true,"href":"https:\/\/www.izoisipol.com\/index.php\/wp-json\/wp\/v2\/comments?post=4530"}],"version-history":[{"count":7,"href":"https:\/\/www.izoisipol.com\/index.php\/wp-json\/wp\/v2\/pages\/4530\/revisions"}],"predecessor-version":[{"id":4611,"href":"https:\/\/www.izoisipol.com\/index.php\/wp-json\/wp\/v2\/pages\/4530\/revisions\/4611"}],"wp:attachment":[{"href":"https:\/\/www.izoisipol.com\/index.php\/wp-json\/wp\/v2\/media?parent=4530"}],"curies":[{"name":"wp","href":"https:\/\/api.w.org\/{rel}","templated":true}]}}