{"id":4543,"date":"2024-08-21T17:19:20","date_gmt":"2024-08-21T17:19:20","guid":{"rendered":"https:\/\/izoisipol.com\/?page_id=4543"},"modified":"2024-08-21T18:15:59","modified_gmt":"2024-08-21T18:15:59","slug":"temel-yalitimi","status":"publish","type":"page","link":"https:\/\/www.izoisipol.com\/index.php\/temel-yalitimi\/","title":{"rendered":"TEMEL YALITIMI"},"content":{"rendered":"\t\t<div data-elementor-type=\"wp-page\" data-elementor-id=\"4543\" class=\"elementor elementor-4543\" data-elementor-post-type=\"page\">\n\t\t\t\t<div class=\"elementor-element elementor-element-6e159fc5 e-con-full e-flex e-con e-parent\" data-id=\"6e159fc5\" data-element_type=\"container\" data-settings=\"{&quot;background_background&quot;:&quot;classic&quot;}\">\r\n\t\t<div class=\"elementor-element elementor-element-7a7185e0 e-con-full e-flex e-con e-child\" data-id=\"7a7185e0\" data-element_type=\"container\">\r\n\t\t\t\t<div class=\"elementor-element elementor-element-68621f8b elementor-widget elementor-widget-heading\" data-id=\"68621f8b\" data-element_type=\"widget\" data-widget_type=\"heading.default\">\n\t\t\t\t<div class=\"elementor-widget-container\">\n\t\t\t<h1 class=\"elementor-heading-title elementor-size-default\">TEMEL YALITIMI<\/h1>\t\t<\/div>\n\t\t\t\t<\/div>\n\t\t\t\t<\/div>\n\t\t\t\t<\/div>\n\t\t<div class=\"elementor-element elementor-element-7ea1b70 e-con-full e-flex e-con e-parent\" data-id=\"7ea1b70\" data-element_type=\"container\" data-settings=\"{&quot;background_background&quot;:&quot;classic&quot;}\">\r\n\t\t<div class=\"elementor-element elementor-element-11308020 e-con-full e-flex e-con e-child\" data-id=\"11308020\" data-element_type=\"container\">\r\n\t\t\t\t<div class=\"elementor-element elementor-element-68c23f54 elementor-widget elementor-widget-text-editor\" data-id=\"68c23f54\" data-element_type=\"widget\" data-widget_type=\"text-editor.default\">\n\t\t\t\t<div class=\"elementor-widget-container\">\n\t\t\t\t\t\t\t<p><span style=\"font-size: 20px;\"><strong>Temel Yal\u0131t\u0131m\u0131: Yap\u0131lar\u0131n\u0131z\u0131n G\u00fcvenli ve Konforlu Temeli<br \/><\/strong><br \/>\u0130zo\u0131s\u0131pol olarak, yap\u0131lar\u0131n sa\u011flaml\u0131\u011f\u0131n\u0131 ve enerji verimlili\u011fini art\u0131ran temel yal\u0131t\u0131m hizmetleri sunuyoruz. Temel yal\u0131t\u0131m\u0131, binalar\u0131n dayan\u0131kl\u0131l\u0131\u011f\u0131n\u0131 art\u0131r\u0131rken ayn\u0131 zamanda su ve nem etkilerine kar\u015f\u0131 korunmas\u0131n\u0131 sa\u011flar. Bu kapsamda, temel yal\u0131t\u0131m\u0131nda kullan\u0131lan materyallerin kalitesi, uzun \u00f6m\u00fcrl\u00fc ve etkin bir koruma i\u00e7in kritik \u00f6neme sahiptir.<\/span><\/p><p><span style=\"font-size: 20px;\"><strong>Temel Yal\u0131t\u0131m\u0131 Nedir?<\/strong><\/span><\/p><p><span style=\"font-size: 20px;\">Temel yal\u0131t\u0131m\u0131, bir yap\u0131n\u0131n temelinde su, nem ve \u0131s\u0131 kayb\u0131n\u0131 \u00f6nlemek i\u00e7in uygulanan bir yal\u0131t\u0131m t\u00fcr\u00fcd\u00fcr. Bu uygulama, temelin d\u0131\u015f y\u00fczeyine veya temelin etraf\u0131na yap\u0131lan izolasyon i\u015flemlerini kapsar. \u0130yi bir temel yal\u0131t\u0131m\u0131, yap\u0131lar\u0131n dayan\u0131kl\u0131l\u0131\u011f\u0131n\u0131 art\u0131r\u0131r, rutubet ve su s\u0131z\u0131nt\u0131lar\u0131n\u0131n \u00f6n\u00fcne ge\u00e7er, ayr\u0131ca enerjinin verimli kullan\u0131lmas\u0131n\u0131 sa\u011flar.<\/span><\/p>\t\t\t\t\t\t<\/div>\n\t\t\t\t<\/div>\n\t\t\t\t<\/div>\n\t\t<div class=\"elementor-element elementor-element-3f0c2eb4 e-con-full e-flex e-con e-child\" data-id=\"3f0c2eb4\" data-element_type=\"container\">\r\n\t\t\t\t<div class=\"elementor-element elementor-element-7b2cb8e1 elementor-widget elementor-widget-image\" data-id=\"7b2cb8e1\" data-element_type=\"widget\" data-widget_type=\"image.default\">\n\t\t\t\t<div class=\"elementor-widget-container\">\n\t\t\t\t\t\t\t\t\t\t\t\t\t<img fetchpriority=\"high\" decoding=\"async\" width=\"1024\" height=\"1024\" src=\"https:\/\/www.izoisipol.com\/wp-content\/uploads\/2022\/03\/7.png\" class=\"attachment-large size-large wp-image-4545\" alt=\"\" srcset=\"https:\/\/www.izoisipol.com\/wp-content\/uploads\/2022\/03\/7.png 1024w, https:\/\/www.izoisipol.com\/wp-content\/uploads\/2022\/03\/7-768x768.png 768w, https:\/\/www.izoisipol.com\/wp-content\/uploads\/2022\/03\/7-640x640.png 640w, https:\/\/www.izoisipol.com\/wp-content\/uploads\/2022\/03\/7-400x400.png 400w, https:\/\/www.izoisipol.com\/wp-content\/uploads\/2022\/03\/7-560x560.png 560w, https:\/\/www.izoisipol.com\/wp-content\/uploads\/2022\/03\/7-367x367.png 367w\" sizes=\"(max-width: 1024px) 100vw, 1024px\" \/>\t\t\t\t\t\t\t\t\t\t\t\t\t<\/div>\n\t\t\t\t<\/div>\n\t\t\t\t<\/div>\n\t\t\t\t<\/div>\n\t\t<div class=\"elementor-element elementor-element-2a7140db e-con-full e-flex e-con e-parent\" data-id=\"2a7140db\" data-element_type=\"container\" data-settings=\"{&quot;background_background&quot;:&quot;classic&quot;}\">\r\n\t\t<div class=\"elementor-element elementor-element-7509bd19 e-con-full e-flex e-con e-child\" data-id=\"7509bd19\" data-element_type=\"container\">\r\n\t\t\t\t<div class=\"elementor-element elementor-element-1eae6165 elementor-widget elementor-widget-text-editor\" data-id=\"1eae6165\" data-element_type=\"widget\" data-widget_type=\"text-editor.default\">\n\t\t\t\t<div class=\"elementor-widget-container\">\n\t\t\t\t\t\t\t<p><span style=\"font-size: 20px;\"><strong>Neden Temel Yal\u0131t\u0131m\u0131?<\/strong><\/span><\/p><ol><li><p><span style=\"font-size: 20px;\"><strong>Su ve Nem Korumas\u0131:<\/strong> Temel yal\u0131t\u0131m\u0131, zeminden gelen suyun yap\u0131n\u0131n i\u00e7ine girmesini engeller. Bu, \u00f6zellikle suya duyarl\u0131 alanlarda, rutubet problemlerini ve zararl\u0131 etkileri ortadan kald\u0131r\u0131r.<\/span><\/p><\/li><li><p><span style=\"font-size: 20px;\"><strong>Enerji Verimlili\u011fi:<\/strong> Yal\u0131t\u0131ml\u0131 bir temel, yap\u0131n\u0131n enerji verimlili\u011fini art\u0131r\u0131r. Bu, \u0131s\u0131 kayb\u0131n\u0131 minimize ederek, i\u00e7 mekanlar\u0131n s\u0131cakl\u0131k dengesini korur ve enerji maliyetlerini d\u00fc\u015f\u00fcr\u00fcr.<\/span><\/p><\/li><li><p><span style=\"font-size: 20px;\"><strong>Uzun S\u00fcreli Dayan\u0131kl\u0131l\u0131k:<\/strong> Kaliteli temel yal\u0131t\u0131m\u0131, yap\u0131lar\u0131n \u00f6mr\u00fcn\u00fc uzat\u0131r. Su ve nemin yap\u0131sal elemanlara zarar vermesini engelleyerek, bak\u0131m ve onar\u0131m maliyetlerini azalt\u0131r.<\/span><\/p><\/li><\/ol>\t\t\t\t\t\t<\/div>\n\t\t\t\t<\/div>\n\t\t\t\t<\/div>\n\t\t<div class=\"elementor-element elementor-element-1819c258 e-con-full e-flex e-con e-child\" data-id=\"1819c258\" data-element_type=\"container\">\r\n\t\t\t\t<div class=\"elementor-element elementor-element-737c840d elementor-widget elementor-widget-image\" data-id=\"737c840d\" data-element_type=\"widget\" data-widget_type=\"image.default\">\n\t\t\t\t<div class=\"elementor-widget-container\">\n\t\t\t\t\t\t\t\t\t\t\t\t\t<img decoding=\"async\" width=\"1024\" height=\"1024\" src=\"https:\/\/www.izoisipol.com\/wp-content\/uploads\/2022\/03\/8.png\" class=\"attachment-large size-large wp-image-4546\" alt=\"\" srcset=\"https:\/\/www.izoisipol.com\/wp-content\/uploads\/2022\/03\/8.png 1024w, https:\/\/www.izoisipol.com\/wp-content\/uploads\/2022\/03\/8-768x768.png 768w, https:\/\/www.izoisipol.com\/wp-content\/uploads\/2022\/03\/8-640x640.png 640w, https:\/\/www.izoisipol.com\/wp-content\/uploads\/2022\/03\/8-400x400.png 400w, https:\/\/www.izoisipol.com\/wp-content\/uploads\/2022\/03\/8-560x560.png 560w, https:\/\/www.izoisipol.com\/wp-content\/uploads\/2022\/03\/8-367x367.png 367w\" sizes=\"(max-width: 1024px) 100vw, 1024px\" \/>\t\t\t\t\t\t\t\t\t\t\t\t\t<\/div>\n\t\t\t\t<\/div>\n\t\t\t\t<\/div>\n\t\t\t\t<\/div>\n\t\t\t\t<\/div>\n\t\t","protected":false},"excerpt":{"rendered":"<p>TEMEL YALITIMI Temel Yal\u0131t\u0131m\u0131: Yap\u0131lar\u0131n\u0131z\u0131n G\u00fcvenli ve Konforlu Temeli\u0130zo\u0131s\u0131pol olarak, yap\u0131lar\u0131n sa\u011flaml\u0131\u011f\u0131n\u0131 ve enerji verimlili\u011fini art\u0131ran temel yal\u0131t\u0131m hizmetleri sunuyoruz. Temel yal\u0131t\u0131m\u0131, binalar\u0131n dayan\u0131kl\u0131l\u0131\u011f\u0131n\u0131 art\u0131r\u0131rken ayn\u0131 zamanda su ve nem etkilerine kar\u015f\u0131 korunmas\u0131n\u0131 sa\u011flar. Bu kapsamda, temel yal\u0131t\u0131m\u0131nda kullan\u0131lan materyallerin kalitesi, uzun \u00f6m\u00fcrl\u00fc ve etkin bir koruma i\u00e7in kritik \u00f6neme sahiptir. Temel Yal\u0131t\u0131m\u0131 Nedir? Temel [&hellip;]<\/p>\n","protected":false},"author":1,"featured_media":0,"parent":0,"menu_order":0,"comment_status":"closed","ping_status":"closed","template":"","meta":{"_monsterinsights_skip_tracking":false,"_monsterinsights_sitenote_active":false,"_monsterinsights_sitenote_note":"","_monsterinsights_sitenote_category":0,"footnotes":""},"class_list":["post-4543","page","type-page","status-publish","hentry"],"_links":{"self":[{"href":"https:\/\/www.izoisipol.com\/index.php\/wp-json\/wp\/v2\/pages\/4543","targetHints":{"allow":["GET"]}}],"collection":[{"href":"https:\/\/www.izoisipol.com\/index.php\/wp-json\/wp\/v2\/pages"}],"about":[{"href":"https:\/\/www.izoisipol.com\/index.php\/wp-json\/wp\/v2\/types\/page"}],"author":[{"embeddable":true,"href":"https:\/\/www.izoisipol.com\/index.php\/wp-json\/wp\/v2\/users\/1"}],"replies":[{"embeddable":true,"href":"https:\/\/www.izoisipol.com\/index.php\/wp-json\/wp\/v2\/comments?post=4543"}],"version-history":[{"count":7,"href":"https:\/\/www.izoisipol.com\/index.php\/wp-json\/wp\/v2\/pages\/4543\/revisions"}],"predecessor-version":[{"id":4614,"href":"https:\/\/www.izoisipol.com\/index.php\/wp-json\/wp\/v2\/pages\/4543\/revisions\/4614"}],"wp:attachment":[{"href":"https:\/\/www.izoisipol.com\/index.php\/wp-json\/wp\/v2\/media?parent=4543"}],"curies":[{"name":"wp","href":"https:\/\/api.w.org\/{rel}","templated":true}]}}