{"id":4553,"date":"2024-08-21T17:34:45","date_gmt":"2024-08-21T17:34:45","guid":{"rendered":"https:\/\/izoisipol.com\/?page_id=4553"},"modified":"2024-08-21T18:17:32","modified_gmt":"2024-08-21T18:17:32","slug":"soguk-hava-depolari-izolasyonu","status":"publish","type":"page","link":"https:\/\/www.izoisipol.com\/index.php\/soguk-hava-depolari-izolasyonu\/","title":{"rendered":"SO\u011eUK HAVA DEPOLARI \u0130ZOLASYONU"},"content":{"rendered":"\t\t<div data-elementor-type=\"wp-page\" data-elementor-id=\"4553\" class=\"elementor elementor-4553\" data-elementor-post-type=\"page\">\n\t\t\t\t<div class=\"elementor-element elementor-element-6e159fc5 e-con-full e-flex e-con e-parent\" data-id=\"6e159fc5\" data-element_type=\"container\" data-settings=\"{&quot;background_background&quot;:&quot;classic&quot;}\">\r\n\t\t<div class=\"elementor-element elementor-element-7a7185e0 e-con-full e-flex e-con e-child\" data-id=\"7a7185e0\" data-element_type=\"container\">\r\n\t\t\t\t<div class=\"elementor-element elementor-element-68621f8b elementor-widget elementor-widget-heading\" data-id=\"68621f8b\" data-element_type=\"widget\" data-widget_type=\"heading.default\">\n\t\t\t\t<div class=\"elementor-widget-container\">\n\t\t\t<h1 class=\"elementor-heading-title elementor-size-default\">SO\u011eUK HAVA DEPOLARI \u0130ZOLASYONU\n<\/h1>\t\t<\/div>\n\t\t\t\t<\/div>\n\t\t\t\t<\/div>\n\t\t\t\t<\/div>\n\t\t<div class=\"elementor-element elementor-element-7ea1b70 e-con-full e-flex e-con e-parent\" data-id=\"7ea1b70\" data-element_type=\"container\" data-settings=\"{&quot;background_background&quot;:&quot;classic&quot;}\">\r\n\t\t<div class=\"elementor-element elementor-element-11308020 e-con-full e-flex e-con e-child\" data-id=\"11308020\" data-element_type=\"container\">\r\n\t\t\t\t<div class=\"elementor-element elementor-element-68c23f54 elementor-widget elementor-widget-text-editor\" data-id=\"68c23f54\" data-element_type=\"widget\" data-widget_type=\"text-editor.default\">\n\t\t\t\t<div class=\"elementor-widget-container\">\n\t\t\t\t\t\t\t<p><span style=\"font-size: 20px;\"><strong>So\u011fuk Hava Depolar\u0131 \u0130zolasyonu: Verimlili\u011fin Anahtar\u0131<\/strong><\/span><\/p><p><span style=\"font-size: 20px;\">So\u011fuk hava depolar\u0131, \u00e7e\u015fitli g\u0131da ve \u00fcr\u00fcnlerin ideal s\u0131cakl\u0131kta saklanmas\u0131n\u0131 sa\u011flayan \u00f6nemli yap\u0131lar aras\u0131nda yer al\u0131r. Bu depolar\u0131n etkin bir \u015fekilde \u00e7al\u0131\u015fabilmesi i\u00e7in en kritik unsurlardan biri do\u011fru ve etkili izolasyondur. So\u011fuk hava depolar\u0131 izolasyonu, enerjiyi verimli kullanmak ve i\u00e7 mekan\u0131n sabit bir s\u0131cakl\u0131kta kalmas\u0131n\u0131 sa\u011flamak i\u00e7in \u00f6zel olarak tasarlanm\u0131\u015f bir hizmettir.<\/span><\/p><p><span style=\"font-size: 20px;\">\u0130zo\u0131s\u0131pol olarak, so\u011fuk hava depolar\u0131n\u0131n ihtiya\u00e7lar\u0131na uygun \u00e7\u00f6z\u00fcmler sunarak, bu yap\u0131lar\u0131n enerji verimlili\u011fini art\u0131r\u0131yoruz. So\u011fuk hava depolar\u0131n\u0131n izolasyonunda kullan\u0131lan malzemelerimiz, y\u00fcksek \u0131s\u0131 yal\u0131t\u0131m\u0131 ve m\u00fckemmel ses yal\u0131t\u0131m\u0131 \u00f6zellikleriyle dikkat \u00e7eker. Poli\u00fcretan bazl\u0131 izolasyon \u00fcr\u00fcnlerimiz, so\u011fuk hava depolar\u0131n\u0131n i\u00e7 s\u0131cakl\u0131klar\u0131n\u0131 stabilize ederken, enerji maliyetlerini de \u00f6nemli \u00f6l\u00e7\u00fcde azalt\u0131r.<\/span><\/p>\t\t\t\t\t\t<\/div>\n\t\t\t\t<\/div>\n\t\t\t\t<\/div>\n\t\t<div class=\"elementor-element elementor-element-3f0c2eb4 e-con-full e-flex e-con e-child\" data-id=\"3f0c2eb4\" data-element_type=\"container\">\r\n\t\t\t\t<div class=\"elementor-element elementor-element-7b2cb8e1 elementor-widget elementor-widget-image\" data-id=\"7b2cb8e1\" data-element_type=\"widget\" data-widget_type=\"image.default\">\n\t\t\t\t<div class=\"elementor-widget-container\">\n\t\t\t\t\t\t\t\t\t\t\t\t\t<img fetchpriority=\"high\" decoding=\"async\" width=\"1024\" height=\"1024\" src=\"https:\/\/www.izoisipol.com\/wp-content\/uploads\/2024\/08\/10.png\" class=\"attachment-large size-large wp-image-4556\" alt=\"\" srcset=\"https:\/\/www.izoisipol.com\/wp-content\/uploads\/2024\/08\/10.png 1024w, https:\/\/www.izoisipol.com\/wp-content\/uploads\/2024\/08\/10-768x768.png 768w, https:\/\/www.izoisipol.com\/wp-content\/uploads\/2024\/08\/10-640x640.png 640w, https:\/\/www.izoisipol.com\/wp-content\/uploads\/2024\/08\/10-400x400.png 400w, https:\/\/www.izoisipol.com\/wp-content\/uploads\/2024\/08\/10-560x560.png 560w, https:\/\/www.izoisipol.com\/wp-content\/uploads\/2024\/08\/10-367x367.png 367w\" sizes=\"(max-width: 1024px) 100vw, 1024px\" \/>\t\t\t\t\t\t\t\t\t\t\t\t\t<\/div>\n\t\t\t\t<\/div>\n\t\t\t\t<\/div>\n\t\t\t\t<\/div>\n\t\t<div class=\"elementor-element elementor-element-2a7140db e-con-full e-flex e-con e-parent\" data-id=\"2a7140db\" data-element_type=\"container\" data-settings=\"{&quot;background_background&quot;:&quot;classic&quot;}\">\r\n\t\t<div class=\"elementor-element elementor-element-7509bd19 e-con-full e-flex e-con e-child\" data-id=\"7509bd19\" data-element_type=\"container\">\r\n\t\t\t\t<div class=\"elementor-element elementor-element-1eae6165 elementor-widget elementor-widget-text-editor\" data-id=\"1eae6165\" data-element_type=\"widget\" data-widget_type=\"text-editor.default\">\n\t\t\t\t<div class=\"elementor-widget-container\">\n\t\t\t\t\t\t\t<p><span style=\"font-size: 20px;\">So\u011fuk hava depolar\u0131nda kullan\u0131lan poli\u00fcretan k\u00f6p\u00fck izolasyonu, m\u00fckemmel \u0131s\u0131 yal\u0131t\u0131m\u0131 sa\u011flar ve bu sayede d\u0131\u015f ortam\u0131n etkilerinden ba\u011f\u0131ms\u0131z olarak i\u00e7 mekan\u0131n ideal s\u0131cakl\u0131kta kalmas\u0131na yard\u0131mc\u0131 olur. Ayr\u0131ca, bu izolasyon t\u00fcr\u00fc, nem ve su ge\u00e7i\u015fini de engelleyerek, depolanan \u00fcr\u00fcnlerin kalitesini korur.<\/span><\/p><p><span style=\"font-size: 20px;\">\u0130zo\u0131s\u0131pol\u2019\u00fcn deneyimli teknik ekibi, so\u011fuk hava depolar\u0131n\u0131z i\u00e7in \u00f6zel bir izolasyon plan\u0131 geli\u015ftirir ve uygulama s\u00fcrecinde titizlikle \u00e7al\u0131\u015f\u0131r. Alan\u0131nda uzman kadromuz, her projenin benzersiz ihtiya\u00e7lar\u0131na g\u00f6re en uygun \u00e7\u00f6z\u00fcm\u00fc sunarak, uzun \u00f6m\u00fcrl\u00fc ve y\u00fcksek performansl\u0131 bir izolasyon sa\u011flar.<\/span><\/p><p><span style=\"font-size: 20px;\">So\u011fuk hava depolar\u0131n\u0131z\u0131n izolasyonu i\u00e7in g\u00fcvenilir ve kaliteli hizmet ar\u0131yorsan\u0131z, \u0130zo\u0131s\u0131pol olarak size en iyi \u00e7\u00f6z\u00fcmleri sunmaktan memnuniyet duyar\u0131z. Enerji tasarrufu sa\u011flamak ve \u00fcr\u00fcnlerinizin kalitesini korumak i\u00e7in bize ba\u015fvurabilirsiniz.<\/span><\/p>\t\t\t\t\t\t<\/div>\n\t\t\t\t<\/div>\n\t\t\t\t<\/div>\n\t\t<div class=\"elementor-element elementor-element-1819c258 e-con-full e-flex e-con e-child\" data-id=\"1819c258\" data-element_type=\"container\">\r\n\t\t\t\t<div class=\"elementor-element elementor-element-737c840d elementor-widget elementor-widget-image\" data-id=\"737c840d\" data-element_type=\"widget\" data-widget_type=\"image.default\">\n\t\t\t\t<div class=\"elementor-widget-container\">\n\t\t\t\t\t\t\t\t\t\t\t\t\t<img decoding=\"async\" width=\"1024\" height=\"1024\" src=\"https:\/\/www.izoisipol.com\/wp-content\/uploads\/2024\/08\/9.png\" class=\"attachment-large size-large wp-image-4555\" alt=\"\" srcset=\"https:\/\/www.izoisipol.com\/wp-content\/uploads\/2024\/08\/9.png 1024w, https:\/\/www.izoisipol.com\/wp-content\/uploads\/2024\/08\/9-768x768.png 768w, https:\/\/www.izoisipol.com\/wp-content\/uploads\/2024\/08\/9-640x640.png 640w, https:\/\/www.izoisipol.com\/wp-content\/uploads\/2024\/08\/9-400x400.png 400w, https:\/\/www.izoisipol.com\/wp-content\/uploads\/2024\/08\/9-560x560.png 560w, https:\/\/www.izoisipol.com\/wp-content\/uploads\/2024\/08\/9-367x367.png 367w\" sizes=\"(max-width: 1024px) 100vw, 1024px\" \/>\t\t\t\t\t\t\t\t\t\t\t\t\t<\/div>\n\t\t\t\t<\/div>\n\t\t\t\t<\/div>\n\t\t\t\t<\/div>\n\t\t\t\t<\/div>\n\t\t","protected":false},"excerpt":{"rendered":"<p>SO\u011eUK HAVA DEPOLARI \u0130ZOLASYONU So\u011fuk Hava Depolar\u0131 \u0130zolasyonu: Verimlili\u011fin Anahtar\u0131 So\u011fuk hava depolar\u0131, \u00e7e\u015fitli g\u0131da ve \u00fcr\u00fcnlerin ideal s\u0131cakl\u0131kta saklanmas\u0131n\u0131 sa\u011flayan \u00f6nemli yap\u0131lar aras\u0131nda yer al\u0131r. Bu depolar\u0131n etkin bir \u015fekilde \u00e7al\u0131\u015fabilmesi i\u00e7in en kritik unsurlardan biri do\u011fru ve etkili izolasyondur. So\u011fuk hava depolar\u0131 izolasyonu, enerjiyi verimli kullanmak ve i\u00e7 mekan\u0131n sabit bir s\u0131cakl\u0131kta kalmas\u0131n\u0131 [&hellip;]<\/p>\n","protected":false},"author":1,"featured_media":0,"parent":0,"menu_order":0,"comment_status":"closed","ping_status":"closed","template":"","meta":{"_monsterinsights_skip_tracking":false,"_monsterinsights_sitenote_active":false,"_monsterinsights_sitenote_note":"","_monsterinsights_sitenote_category":0,"footnotes":""},"class_list":["post-4553","page","type-page","status-publish","hentry"],"_links":{"self":[{"href":"https:\/\/www.izoisipol.com\/index.php\/wp-json\/wp\/v2\/pages\/4553","targetHints":{"allow":["GET"]}}],"collection":[{"href":"https:\/\/www.izoisipol.com\/index.php\/wp-json\/wp\/v2\/pages"}],"about":[{"href":"https:\/\/www.izoisipol.com\/index.php\/wp-json\/wp\/v2\/types\/page"}],"author":[{"embeddable":true,"href":"https:\/\/www.izoisipol.com\/index.php\/wp-json\/wp\/v2\/users\/1"}],"replies":[{"embeddable":true,"href":"https:\/\/www.izoisipol.com\/index.php\/wp-json\/wp\/v2\/comments?post=4553"}],"version-history":[{"count":7,"href":"https:\/\/www.izoisipol.com\/index.php\/wp-json\/wp\/v2\/pages\/4553\/revisions"}],"predecessor-version":[{"id":4617,"href":"https:\/\/www.izoisipol.com\/index.php\/wp-json\/wp\/v2\/pages\/4553\/revisions\/4617"}],"wp:attachment":[{"href":"https:\/\/www.izoisipol.com\/index.php\/wp-json\/wp\/v2\/media?parent=4553"}],"curies":[{"name":"wp","href":"https:\/\/api.w.org\/{rel}","templated":true}]}}