{"id":4561,"date":"2024-08-21T17:37:46","date_gmt":"2024-08-21T17:37:46","guid":{"rendered":"https:\/\/izoisipol.com\/?page_id=4561"},"modified":"2024-08-21T18:18:44","modified_gmt":"2024-08-21T18:18:44","slug":"poliuretan-su-yalitimi","status":"publish","type":"page","link":"https:\/\/www.izoisipol.com\/index.php\/poliuretan-su-yalitimi\/","title":{"rendered":"POL\u0130\u00dcRETAN SU YALITIMI"},"content":{"rendered":"\t\t<div data-elementor-type=\"wp-page\" data-elementor-id=\"4561\" class=\"elementor elementor-4561\" data-elementor-post-type=\"page\">\n\t\t\t\t<div class=\"elementor-element elementor-element-6e159fc5 e-con-full e-flex e-con e-parent\" data-id=\"6e159fc5\" data-element_type=\"container\" data-settings=\"{&quot;background_background&quot;:&quot;classic&quot;}\">\r\n\t\t<div class=\"elementor-element elementor-element-7a7185e0 e-con-full e-flex e-con e-child\" data-id=\"7a7185e0\" data-element_type=\"container\">\r\n\t\t\t\t<div class=\"elementor-element elementor-element-68621f8b elementor-widget elementor-widget-heading\" data-id=\"68621f8b\" data-element_type=\"widget\" data-widget_type=\"heading.default\">\n\t\t\t\t<div class=\"elementor-widget-container\">\n\t\t\t<h1 class=\"elementor-heading-title elementor-size-default\">POL\u0130\u00dcRETAN SU YALITIMI<\/h1>\t\t<\/div>\n\t\t\t\t<\/div>\n\t\t\t\t<\/div>\n\t\t\t\t<\/div>\n\t\t<div class=\"elementor-element elementor-element-7ea1b70 e-con-full e-flex e-con e-parent\" data-id=\"7ea1b70\" data-element_type=\"container\" data-settings=\"{&quot;background_background&quot;:&quot;classic&quot;}\">\r\n\t\t<div class=\"elementor-element elementor-element-11308020 e-con-full e-flex e-con e-child\" data-id=\"11308020\" data-element_type=\"container\">\r\n\t\t\t\t<div class=\"elementor-element elementor-element-68c23f54 elementor-widget elementor-widget-text-editor\" data-id=\"68c23f54\" data-element_type=\"widget\" data-widget_type=\"text-editor.default\">\n\t\t\t\t<div class=\"elementor-widget-container\">\n\t\t\t\t\t\t\t<p><span style=\"font-size: 20px;\"><strong>Poli\u00fcretan Su Yal\u0131t\u0131m\u0131: Sa\u011flam ve Etkili \u00c7\u00f6z\u00fcmler<\/strong><\/span><\/p><p><span style=\"font-size: 20px;\">Su yal\u0131t\u0131m\u0131, her yap\u0131n\u0131n uzun \u00f6m\u00fcrl\u00fc ve dayan\u0131kl\u0131 olmas\u0131nda kritik bir rol oynar. Bu alanda en etkili \u00e7\u00f6z\u00fcmlerden biri, poli\u00fcretan su yal\u0131t\u0131m\u0131d\u0131r. Poli\u00fcretan, hem i\u00e7 hem de d\u0131\u015f mekanlarda su ge\u00e7i\u015fini tamamen engelleyen \u00fcst\u00fcn \u00f6zelliklere sahip bir malzemedir. \u00d6zellikle binalar\u0131n temelleri, \u00e7at\u0131lar, bodrumlar ve di\u011fer suya maruz kalan y\u00fczeylerde poli\u00fcretan su yal\u0131t\u0131m\u0131 uygulamas\u0131, uzun s\u00fcreli koruma sa\u011flar.<\/span><\/p><p><span style=\"font-size: 20px;\">Poli\u00fcretan su yal\u0131t\u0131m\u0131, m\u00fckemmel yap\u0131\u015fma ve kaplama \u00f6zellikleri sayesinde y\u00fczeydeki \u00e7atlaklar\u0131 ve bo\u015fluklar\u0131 kapat\u0131r. Bu malzeme, y\u00fcksek derecede su ge\u00e7irmezli\u011fi ile binalar\u0131n yap\u0131 \u00f6mr\u00fcn\u00fc uzat\u0131r ve nemin yap\u0131sal elemanlara zarar vermesini \u00f6nler.<\/span><\/p>\t\t\t\t\t\t<\/div>\n\t\t\t\t<\/div>\n\t\t\t\t<\/div>\n\t\t<div class=\"elementor-element elementor-element-3f0c2eb4 e-con-full e-flex e-con e-child\" data-id=\"3f0c2eb4\" data-element_type=\"container\">\r\n\t\t\t\t<div class=\"elementor-element elementor-element-7b2cb8e1 elementor-widget elementor-widget-image\" data-id=\"7b2cb8e1\" data-element_type=\"widget\" data-widget_type=\"image.default\">\n\t\t\t\t<div class=\"elementor-widget-container\">\n\t\t\t\t\t\t\t\t\t\t\t\t\t<img fetchpriority=\"high\" decoding=\"async\" width=\"1024\" height=\"1024\" src=\"https:\/\/www.izoisipol.com\/wp-content\/uploads\/2024\/08\/11.png\" class=\"attachment-large size-large wp-image-4564\" alt=\"\" srcset=\"https:\/\/www.izoisipol.com\/wp-content\/uploads\/2024\/08\/11.png 1024w, https:\/\/www.izoisipol.com\/wp-content\/uploads\/2024\/08\/11-768x768.png 768w, https:\/\/www.izoisipol.com\/wp-content\/uploads\/2024\/08\/11-640x640.png 640w, https:\/\/www.izoisipol.com\/wp-content\/uploads\/2024\/08\/11-400x400.png 400w, https:\/\/www.izoisipol.com\/wp-content\/uploads\/2024\/08\/11-560x560.png 560w, https:\/\/www.izoisipol.com\/wp-content\/uploads\/2024\/08\/11-367x367.png 367w\" sizes=\"(max-width: 1024px) 100vw, 1024px\" \/>\t\t\t\t\t\t\t\t\t\t\t\t\t<\/div>\n\t\t\t\t<\/div>\n\t\t\t\t<\/div>\n\t\t\t\t<\/div>\n\t\t<div class=\"elementor-element elementor-element-2a7140db e-con-full e-flex e-con e-parent\" data-id=\"2a7140db\" data-element_type=\"container\" data-settings=\"{&quot;background_background&quot;:&quot;classic&quot;}\">\r\n\t\t<div class=\"elementor-element elementor-element-7509bd19 e-con-full e-flex e-con e-child\" data-id=\"7509bd19\" data-element_type=\"container\">\r\n\t\t\t\t<div class=\"elementor-element elementor-element-1eae6165 elementor-widget elementor-widget-text-editor\" data-id=\"1eae6165\" data-element_type=\"widget\" data-widget_type=\"text-editor.default\">\n\t\t\t\t<div class=\"elementor-widget-container\">\n\t\t\t\t\t\t\t<p><span style=\"font-size: 20px;\">Bu uygulama, ayn\u0131 zamanda enerji verimlili\u011fini art\u0131r\u0131r. Su yal\u0131t\u0131m\u0131 ile birlikte, yap\u0131n\u0131n \u0131s\u0131 yal\u0131t\u0131m\u0131 da sa\u011flan\u0131r, bu da enerji tasarrufunu ve i\u00e7 mekan konforunu art\u0131r\u0131r. Poli\u00fcretan su yal\u0131t\u0131m\u0131, dayan\u0131kl\u0131l\u0131\u011f\u0131 ve uzun \u00f6m\u00fcrl\u00fc performans\u0131 ile hem ekonomik hem de \u00e7evre dostu bir \u00e7\u00f6z\u00fcmd\u00fcr.<\/span><\/p><p><span style=\"font-size: 20px;\">\u0130\u015finizi en iyi \u015fekilde desteklemek i\u00e7in, profesyonel ekibimiz ile poli\u00fcretan su yal\u0131t\u0131m\u0131nda en kaliteli hizmeti sunuyoruz. \u0130zo\u0131s\u0131pol olarak, uzman kadromuzla her projeyi titizlikle ele al\u0131yor, en uygun \u00e7\u00f6z\u00fcmleri sunarak m\u00fc\u015fteri memnuniyetini \u00f6n planda tutuyoruz.<\/span><\/p>\t\t\t\t\t\t<\/div>\n\t\t\t\t<\/div>\n\t\t\t\t<\/div>\n\t\t<div class=\"elementor-element elementor-element-1819c258 e-con-full e-flex e-con e-child\" data-id=\"1819c258\" data-element_type=\"container\">\r\n\t\t\t\t<div class=\"elementor-element elementor-element-737c840d elementor-widget elementor-widget-image\" data-id=\"737c840d\" data-element_type=\"widget\" data-widget_type=\"image.default\">\n\t\t\t\t<div class=\"elementor-widget-container\">\n\t\t\t\t\t\t\t\t\t\t\t\t\t<img decoding=\"async\" width=\"1024\" height=\"1024\" src=\"https:\/\/www.izoisipol.com\/wp-content\/uploads\/2024\/08\/12.png\" class=\"attachment-large size-large wp-image-4565\" alt=\"\" srcset=\"https:\/\/www.izoisipol.com\/wp-content\/uploads\/2024\/08\/12.png 1024w, https:\/\/www.izoisipol.com\/wp-content\/uploads\/2024\/08\/12-768x768.png 768w, https:\/\/www.izoisipol.com\/wp-content\/uploads\/2024\/08\/12-640x640.png 640w, https:\/\/www.izoisipol.com\/wp-content\/uploads\/2024\/08\/12-400x400.png 400w, https:\/\/www.izoisipol.com\/wp-content\/uploads\/2024\/08\/12-560x560.png 560w, https:\/\/www.izoisipol.com\/wp-content\/uploads\/2024\/08\/12-367x367.png 367w\" sizes=\"(max-width: 1024px) 100vw, 1024px\" \/>\t\t\t\t\t\t\t\t\t\t\t\t\t<\/div>\n\t\t\t\t<\/div>\n\t\t\t\t<\/div>\n\t\t\t\t<\/div>\n\t\t\t\t<\/div>\n\t\t","protected":false},"excerpt":{"rendered":"<p>POL\u0130\u00dcRETAN SU YALITIMI Poli\u00fcretan Su Yal\u0131t\u0131m\u0131: Sa\u011flam ve Etkili \u00c7\u00f6z\u00fcmler Su yal\u0131t\u0131m\u0131, her yap\u0131n\u0131n uzun \u00f6m\u00fcrl\u00fc ve dayan\u0131kl\u0131 olmas\u0131nda kritik bir rol oynar. Bu alanda en etkili \u00e7\u00f6z\u00fcmlerden biri, poli\u00fcretan su yal\u0131t\u0131m\u0131d\u0131r. Poli\u00fcretan, hem i\u00e7 hem de d\u0131\u015f mekanlarda su ge\u00e7i\u015fini tamamen engelleyen \u00fcst\u00fcn \u00f6zelliklere sahip bir malzemedir. \u00d6zellikle binalar\u0131n temelleri, \u00e7at\u0131lar, bodrumlar ve di\u011fer [&hellip;]<\/p>\n","protected":false},"author":1,"featured_media":0,"parent":0,"menu_order":0,"comment_status":"closed","ping_status":"closed","template":"","meta":{"_monsterinsights_skip_tracking":false,"_monsterinsights_sitenote_active":false,"_monsterinsights_sitenote_note":"","_monsterinsights_sitenote_category":0,"footnotes":""},"class_list":["post-4561","page","type-page","status-publish","hentry"],"_links":{"self":[{"href":"https:\/\/www.izoisipol.com\/index.php\/wp-json\/wp\/v2\/pages\/4561","targetHints":{"allow":["GET"]}}],"collection":[{"href":"https:\/\/www.izoisipol.com\/index.php\/wp-json\/wp\/v2\/pages"}],"about":[{"href":"https:\/\/www.izoisipol.com\/index.php\/wp-json\/wp\/v2\/types\/page"}],"author":[{"embeddable":true,"href":"https:\/\/www.izoisipol.com\/index.php\/wp-json\/wp\/v2\/users\/1"}],"replies":[{"embeddable":true,"href":"https:\/\/www.izoisipol.com\/index.php\/wp-json\/wp\/v2\/comments?post=4561"}],"version-history":[{"count":7,"href":"https:\/\/www.izoisipol.com\/index.php\/wp-json\/wp\/v2\/pages\/4561\/revisions"}],"predecessor-version":[{"id":4620,"href":"https:\/\/www.izoisipol.com\/index.php\/wp-json\/wp\/v2\/pages\/4561\/revisions\/4620"}],"wp:attachment":[{"href":"https:\/\/www.izoisipol.com\/index.php\/wp-json\/wp\/v2\/media?parent=4561"}],"curies":[{"name":"wp","href":"https:\/\/api.w.org\/{rel}","templated":true}]}}